{"id":28,"date":"2019-05-21T12:18:28","date_gmt":"2019-05-21T12:18:28","guid":{"rendered":"https:\/\/collagen36.com\/si\/?page_id=28"},"modified":"2021-02-03T14:33:59","modified_gmt":"2021-02-03T13:33:59","slug":"collagen-36","status":"publish","type":"page","link":"https:\/\/collagen36.com\/de\/","title":{"rendered":"Collagen 36"},"content":{"rendered":"<div id=\"cs-content\" class=\"cs-content\" >\n<div class=\"e28-1 x-section  x-hide-xs\" >\n      \n<div class=\"e28-2 x-container\" >\n    \n<div class=\"e28-3 x-column x-sm x-1-1\" >\n  \n<div class=\"x-bg\" aria-hidden=\"true\" >\n  <div class=\"x-bg-layer-lower-image\" style=\" background-image: url(https:\/\/collagen36.com\/de\/wp-content\/uploads\/2019\/09\/coverphoto_collagen36_september2019.jpg); background-repeat: no-repeat; background-position: center; background-size: cover;\" ><\/div>  <div class=\"x-bg-layer-upper-image\" style=\" background-image: url(https:\/\/collagen36.com\/de\/wp-content\/uploads\/2019\/07\/collagen36_bottle_box_bix_first_page.png); background-repeat: no-repeat; background-position: 110% bottom; background-size: 52%;\" ><\/div><\/div>\n  \n<div class=\"e28-4 x-text\" >\n  <p>Die effektivste Formel &ndash; Fischkollagen und Zus&auml;tze.<br \/>Hervorragender Geschmack und angenehmer Duft.<\/p><\/div>\n\n<div class=\"e28-5 x-text\" >\n  <p>Sch&ouml;nheitselixier<\/p><\/div>\n<\/div>\n<\/div>\n  <\/div>\n\n<div class=\"e28-6 x-section  x-hide-lg x-hide-md x-hide-sm x-hide-xl\" >\n      \n<div class=\"e28-7 x-container\" >\n    \n<div class=\"e28-8 x-column x-sm x-1-1\" >\n  \n<div class=\"x-bg\" aria-hidden=\"true\" >\n  <div class=\"x-bg-layer-lower-image\" style=\" background-image: url(https:\/\/collagen36.com\/de\/wp-content\/uploads\/2019\/09\/Collagen_36_376px_Mobile_Banner.jpg); background-repeat: no-repeat; background-position: top; background-size: cover;\" ><\/div>  <div class=\"x-bg-layer-upper-image\" style=\" background-image: url(https:\/\/collagen36.com\/de\/wp-content\/uploads\/2019\/07\/collagen36_bottle_box_bix_first_page_mobile.png); background-repeat: no-repeat; background-position: center 90%; background-size: 80%;\" ><\/div><\/div>\n  \n<div class=\"e28-9 x-text\" >\n  <p>Die effektivste Formel &ndash; Fischkollagen und Zus&auml;tze.<br \/>Hervorragender Geschmack und angenehmer Duft.<\/p><\/div>\n\n<div class=\"e28-10 x-text\" >\n  <p>Sch&ouml;nheitselixier<\/p><\/div>\n<\/div>\n<\/div>\n  <\/div>\n\n<div class=\"e28-11 x-section\" >\n      \n<div class=\"e28-12 x-container max width\" >\n    \n<div class=\"e28-13 x-column x-sm x-1-2\" >\n    \n<span class=\"e28-14 x-image\" >\n  <img alt=\"Image\" src=\"https:\/\/collagen36.com\/de\/wp-content\/uploads\/2019\/05\/hair_skin_big.png\" width=\"276\" height=\"48\" >\n<\/span>\n\n<div class=\"e28-15 x-text\" >\n  <p>Wieder gl&auml;nzendes, kr&auml;ftiges und gesundes Haar<\/p><\/div>\n\n<span class=\"e28-16 x-image\" >\n  <img alt=\"Image\" src=\"https:\/\/collagen36.com\/de\/wp-content\/uploads\/2019\/05\/hair_skin_bg_norm.jpg\" width=\"458\" height=\"300\" >\n<\/span>\n\n<span class=\"e28-17 x-image\" id=\"bottleHair\" >\n  <img alt=\"Image\" src=\"https:\/\/collagen36.com\/de\/wp-content\/uploads\/2019\/07\/Collagen-36-Hair-boca-500ml_v3.png\" width=\"160\" height=\"376\" >\n<\/span>\n\n<div class=\"e28-18 x-text\" >\n  <p>Collagen36 Hair and Skin mit Ananasgeschmack ist das effektivste Kollagengetr&auml;nk f&uuml;r Ihr Haar auf dem Markt! Dies ist das erste Kollagen mit wirklich gutem Geschmack und angenehmem Duft. Ohne Zucker, Gluten, Laktose und Spuren von Soja. Trinkfertig.<\/p><\/div>\n\n<a class=\"e28-19 x-anchor x-anchor-button\" tabindex=\"0\" id=\"buttonBottle\" href=\"\/de\/hair-and-skin\/\" >\n\n  \n  <div class=\"x-anchor-content\">\n        <div class=\"x-anchor-text\"><span class=\"x-anchor-text-primary\" >Mehr<\/span><\/div>      <\/div>\n\n    \n  \n<\/a>\n\n<hr class=\"e28-20 x-line\" >\n<\/div>\n\n<div class=\"e28-21 x-column x-sm x-1-2\" >\n    \n<span class=\"e28-22 x-image\" >\n  <img alt=\"Image\" src=\"https:\/\/collagen36.com\/de\/wp-content\/uploads\/2019\/05\/nails_skin_v4_big.png\" width=\"280\" height=\"48\" >\n<\/span>\n\n<div class=\"e28-23 x-text\" >\n  <p>Gesunde und feste N&auml;gel wie nie zuvor<\/p><\/div>\n\n<span class=\"e28-24 x-image\" id=\"bottleNail\" >\n  <img alt=\"Image\" src=\"https:\/\/collagen36.com\/de\/wp-content\/uploads\/2019\/07\/Collagen-36-Nails-boca-500ml_v3.png\" width=\"160\" height=\"373\" >\n<\/span>\n\n<span class=\"e28-25 x-image\" >\n  <img alt=\"Image\" src=\"https:\/\/collagen36.com\/de\/wp-content\/uploads\/2019\/05\/nail_skin_bg_big.jpg\" width=\"458\" height=\"300\" >\n<\/span>\n\n<div class=\"e28-26 x-text\" >\n  <p>Collagen36 Nails and Skin mit Pfirsich- und Gr&uuml;ntee-Geschmack ist das einzige Kollagengetr&auml;nk auf dem Markt, das f&uuml;r eine optimale Wirkung auf N&auml;gel sorgt! Hervorragender Geschmack und angenehmer Duft. Ohne Zucker, Gluten, Laktose und Spuren von Soja. Trinkfertig.<\/p><\/div>\n\n<a class=\"e28-27 x-anchor x-anchor-button\" tabindex=\"0\" id=\"buttonBottle\" href=\"\/de\/nails-and-skin\/\" >\n\n  \n  <div class=\"x-anchor-content\">\n        <div class=\"x-anchor-text\"><span class=\"x-anchor-text-primary\" >Mehr<\/span><\/div>      <\/div>\n\n    \n  \n<\/a>\n\n<hr class=\"e28-28 x-line\" >\n<\/div>\n<\/div>\n  <\/div>\n\n<div class=\"e28-29 x-section\" id=\"lastPosts\" >\n      \n<div class=\"e28-30 x-container max width\" >\n    \n<div class=\"e28-31 x-column x-sm x-1-1\" >\n    \n<div class=\"e28-32 x-text\" >\n  <p>Tun Sie etwas f&uuml;r sich selbst<\/p><\/div>\n<\/div>\n<\/div>\n\n<div class=\"e28-33 x-container max width\" >\n    \n<div class=\"e28-34 x-column x-sm x-1-1\" >\n    \n<div class=\"e28-35 x-text\" >\n  <div  class=\"x-recent-posts cf vertical\"  data-x-element=\"recent_posts\" data-x-params=\"{&quot;fade&quot;:false}\"  data-fade=\"false\" ><a class=\"x-recent-post3 with-image\" href=\"https:\/\/collagen36.com\/de\/beitrag\/wann-sollten-sie-mit-der-einnahme-des-nahrungsergaenzungsmittels-mit-kollagen-beginnen\/\" title=\"Permalink to: &quot;Wann sollten Sie mit der Einnahme des Nahrungserg\u00e4nzungsmittels mit Kollagen beginnen?&quot;\"><article id=\"post-653\" class=\"post-653 post type-post status-publish format-standard has-post-thumbnail hentry category-beitrag tag-collagen36 tag-duennes-und-fallendes-haar tag-haarwuchs tag-kollagen tag-sproede-naegel\"><div class=\"entry-wrap\"><div class=\"x-recent-posts-img\" style=\"background-image: url(https:\/\/collagen36.com\/de\/wp-content\/uploads\/2020\/11\/collagen-36-hair-and-skin-bottle-862x482.jpg);\"><\/div><div class=\"x-recent-posts-content\"><h3 class=\"h-recent-posts\">Wann sollten Sie mit der Einnahme des Nahrungserg\u00e4nzungsmittels mit Kollagen beginnen?<\/h3><span class=\"x-recent-posts-date\">12. November, 2020<\/span><\/div><\/div><\/article><\/a><a class=\"x-recent-post3 with-image\" href=\"https:\/\/collagen36.com\/de\/beitrag\/die-wahre-geschichte-mit-video-ich-habe-70-meiner-haare-verloren-und-collagen36-war-meine-rettung\/\" title=\"Permalink to: &quot;Die wahre Geschichte mit Video: Ich habe 70 % meiner Haare verloren, und Collagen36 war meine Rettung&quot;\"><article id=\"post-606\" class=\"post-606 post type-post status-publish format-standard has-post-thumbnail hentry category-beitrag tag-collagen36 tag-duennes-und-fallendes-haar tag-haarwuchs tag-kollagen tag-sproede-naegel\"><div class=\"entry-wrap\"><div class=\"x-recent-posts-img\" style=\"background-image: url(https:\/\/collagen36.com\/de\/wp-content\/uploads\/2020\/10\/4-862x647-1-862x482.png);\"><\/div><div class=\"x-recent-posts-content\"><h3 class=\"h-recent-posts\">Die wahre Geschichte mit Video: Ich habe 70 % meiner Haare verloren, und Collagen36 war meine Rettung<\/h3><span class=\"x-recent-posts-date\">5. Oktober, 2020<\/span><\/div><\/div><\/article><\/a><a class=\"x-recent-post3 with-image\" href=\"https:\/\/collagen36.com\/de\/beitrag\/collagen36-wurde-mit-dem-renommierten-cosmopolitan-beauty-award-ausgezeichnet\/\" title=\"Permalink to: &quot;Collagen36 wurde mit dem renommierten \u201eCosmopolitan Beauty Award\u201c ausgezeichnet&quot;\"><article id=\"post-409\" class=\"post-409 post type-post status-publish format-standard has-post-thumbnail hentry category-beitrag tag-collagen36 tag-duennes-und-fallendes-haar tag-haarwuchs tag-kollagen tag-sproede-naegel\"><div class=\"entry-wrap\"><div class=\"x-recent-posts-img\" style=\"background-image: url(https:\/\/collagen36.com\/de\/wp-content\/uploads\/2020\/09\/September-862x482.jpg);\"><\/div><div class=\"x-recent-posts-content\"><h3 class=\"h-recent-posts\">Collagen36 wurde mit dem renommierten \u201eCosmopolitan Beauty Award\u201c ausgezeichnet<\/h3><span class=\"x-recent-posts-date\">2. September, 2020<\/span><\/div><\/div><\/article><\/a><\/div><\/div>\n<\/div>\n<\/div>\n  <\/div>\n\n<div class=\"e28-36 x-section  x-hide-lg x-hide-md x-hide-sm x-hide-xl x-hide-xs\" >\n      \n<div class=\"e28-37 x-container max width\" >\n    \n<div class=\"e28-38 x-column x-sm x-1-1\" >\n    \n<div class=\"e28-39 x-text\" >\n  <p>Collagen blue lahko pomaga tudi tebi <\/p><\/div>\n<\/div>\n<\/div>\n\n<div class=\"e28-40 x-container max width imageTestimonial\" >\n    \n<div class=\"e28-41 x-column x-sm x-1-3\" >\n    \n<a class=\"e28-42 x-image imageTestimonial1\" href=\"#\" >\n  <img alt=\"Image\" src=\"https:\/\/collagen36.com\/de\/wp-content\/uploads\/2019\/05\/mnenje1_video_big.png\" width=\"341\" height=\"220\" >\n<\/a>\n\n<div class=\"e28-43 x-text imeTestimonial\" >\n  <p><strong>Petra Butina<\/strong><br \/>\n35 let<\/p><\/div>\n<\/div>\n\n<div class=\"e28-44 x-column x-sm x-1-3\" >\n    \n<a class=\"e28-45 x-image imageTestimonial2\" href=\"#\" >\n  <img alt=\"Image\" src=\"https:\/\/collagen36.com\/de\/wp-content\/uploads\/2019\/05\/mnenje2_video_big.png\" width=\"341\" height=\"220\" >\n<\/a>\n\n<div class=\"e28-46 x-text imeTestimonial\" >\n  <p><strong>Goran Kova\u010di\u010d<\/strong><br \/>\n39 let<\/p><\/div>\n<\/div>\n\n<div class=\"e28-47 x-column x-sm x-1-3\" >\n    \n<a class=\"e28-48 x-image imageTestimonial3\" href=\"#\" >\n  <img alt=\"Image\" src=\"https:\/\/collagen36.com\/de\/wp-content\/uploads\/2019\/05\/mnenje3_video_big.png\" width=\"341\" height=\"220\" >\n<\/a>\n\n<div class=\"e28-49 x-text imeTestimonial\" >\n  <p><strong>Mateja \u0160uler<\/strong><br \/>\n32 let<\/p><\/div>\n<\/div>\n<\/div>\n\n<div class=\"e28-50 x-container max width\" >\n    \n<div class=\"e28-51 x-column x-sm x-1-3 testimonialPicture\" >\n    \n<span class=\"e28-52 x-image\" >\n  <img alt=\"Image\" src=\"https:\/\/collagen36.com\/de\/wp-content\/uploads\/2019\/05\/mnenje1_big.png\" width=\"201\" height=\"201\" >\n<\/span>\n<\/div>\n\n<div class=\"e28-53 x-column x-sm x-2-3 testimonialTextPicture\" >\n    \n<div class=\"e28-54 x-text x-text-headline\" >\n  <div class=\"x-text-content\"><div class=\"x-text-content-text\"><h3 class=\"x-text-content-text-primary\">Kon\u010dno so tudi moji nohti \u010dvrsti<\/h3><\/div><\/div><\/div>\n\n<div class=\"e28-55 x-text\" >\n  Lorem ipsum dolor sit amet, consectetur adipisicing elit, sed do eiusmod tempor incididunt ut labore et dolore magna aliqua. Ut enim ad minim veniam, quis nostrud<\/div>\n\n<div class=\"e28-56 x-text\" >\n  Teja Kova\u010d, 43 let <\/div>\n<\/div>\n<\/div>\n\n<div class=\"e28-57 x-container max width\" >\n    \n<div class=\"e28-58 x-column x-sm x-1-3 testimonialPicture\" >\n    \n<span class=\"e28-59 x-image\" >\n  <img alt=\"Image\" src=\"https:\/\/collagen36.com\/de\/wp-content\/uploads\/2019\/05\/mnenje2_big.png\" width=\"201\" height=\"201\" >\n<\/span>\n<\/div>\n\n<div class=\"e28-60 x-column x-sm x-2-3 testimonialTextPicture\" >\n    \n<div class=\"e28-61 x-text x-text-headline\" >\n  <div class=\"x-text-content\"><div class=\"x-text-content-text\"><h3 class=\"x-text-content-text-primary\">Moji lasje se ne cepijo ve\u010d<\/h3><\/div><\/div><\/div>\n\n<div class=\"e28-62 x-text\" >\n  Lorem ipsum dolor sit amet, consectetur adipisicing elit, sed do eiusmod tempor incididunt ut labore et dolore magna aliqua. Ut enim ad minim veniam, quis nostrud<\/div>\n\n<div class=\"e28-63 x-text\" >\n  Teodor Lavri\u010d, 39 let  <\/div>\n<\/div>\n<\/div>\n\n<div class=\"e28-64 x-container max width\" >\n    \n<div class=\"e28-65 x-column x-sm x-1-3 testimonialPicture\" >\n    \n<span class=\"e28-66 x-image\" >\n  <img alt=\"Image\" src=\"https:\/\/collagen36.com\/de\/wp-content\/uploads\/2019\/05\/mnenje3_big.png\" width=\"201\" height=\"201\" >\n<\/span>\n<\/div>\n\n<div class=\"e28-67 x-column x-sm x-2-3 testimonialTextPicture\" >\n    \n<div class=\"e28-68 x-text x-text-headline\" >\n  <div class=\"x-text-content\"><div class=\"x-text-content-text\"><h3 class=\"x-text-content-text-primary\">Moja ko\u017ea je postala gladka,\nkot je bila pred 10 leti<\/h3><\/div><\/div><\/div>\n\n<div class=\"e28-69 x-text\" >\n  Lorem ipsum dolor sit amet, consectetur adipisicing elit, sed do eiusmod tempor incididunt ut labore et dolore magna aliqua. Ut enim ad minim veniam, quis nostrud<\/div>\n\n<div class=\"e28-70 x-text\" >\n  Alexandra Dimic, 51 let  <\/div>\n<\/div>\n<\/div>\n\n<div class=\"e28-71 x-container max width\" >\n    \n<div class=\"e28-72 x-column x-sm x-1-1\" >\n    \n<a class=\"e28-73 x-anchor x-anchor-button testimonialButton\" tabindex=\"0\" href=\"#\" >\n\n  \n  <div class=\"x-anchor-content\">\n        <div class=\"x-anchor-text\"><span class=\"x-anchor-text-primary\" >Deli svojo zgodbo z nami tudi ti!<\/span><\/div>      <\/div>\n\n    \n  \n<\/a>\n<\/div>\n<\/div>\n  <\/div>\n<\/div>\n","protected":false},"excerpt":{"rendered":"<p>Die effektivste Formel \u2013 Fischkollagen und Zus\u00e4tze.Hervorragender Geschmack und angenehmer Duft. Sch\u00f6nheitselixier Die effektivste Formel \u2013 Fischkollagen und Zus\u00e4tze.Hervorragender Geschmack und angenehmer Duft. Sch\u00f6nheitselixier Wieder gl\u00e4nzendes, kr\u00e4ftiges und gesundes Haar Collagen36 Hair and Skin mit Ananasgeschmack ist das effektivste Kollagengetr\u00e4nk f\u00fcr Ihr Haar auf dem Markt! Dies ist das erste Kollagen mit wirklich gutem Geschmack und angenehmem Duft. Ohne Zucker, &#8230; <\/p>\n<div><a href=\"https:\/\/collagen36.com\/de\/\" class=\"more-link\">Read More<\/a><\/div>\n","protected":false},"author":8,"featured_media":0,"parent":0,"menu_order":0,"comment_status":"closed","ping_status":"closed","template":"template-blank-4.php","meta":[],"yoast_head":"<!-- This site is optimized with the Yoast SEO plugin v15.7 - https:\/\/yoast.com\/wordpress\/plugins\/seo\/ -->\n<title>Collagen36 - Die effektivste Formel \u2013 Fischkollagen und Zus\u00e4tze.<\/title>\n<meta name=\"description\" content=\"Collagen36 sorgt f\u00fcr ein jugendliches Aussehen - f\u00fcr gl\u00e4nzendes Haar, wurmige N\u00e4gel und eine glattere Haut. Es schmeckt gut und riecht gut.\" \/>\n<meta name=\"robots\" content=\"index, follow, max-snippet:-1, max-image-preview:large, max-video-preview:-1\" \/>\n<link rel=\"canonical\" href=\"https:\/\/collagen36.com\/de\/\" \/>\n<meta property=\"og:locale\" content=\"de_DE\" \/>\n<meta property=\"og:type\" content=\"article\" \/>\n<meta property=\"og:title\" content=\"Collagen36 - Die effektivste Formel \u2013 Fischkollagen und Zus\u00e4tze.\" \/>\n<meta property=\"og:description\" content=\"Collagen36 sorgt f\u00fcr ein jugendliches Aussehen - f\u00fcr gl\u00e4nzendes Haar, wurmige N\u00e4gel und eine glattere Haut. Es schmeckt gut und riecht gut.\" \/>\n<meta property=\"og:url\" content=\"https:\/\/collagen36.com\/de\/\" \/>\n<meta property=\"og:site_name\" content=\"Collagen36\" \/>\n<meta property=\"article:modified_time\" content=\"2021-02-03T13:33:59+00:00\" \/>\n<meta property=\"og:image\" content=\"https:\/\/collagen36.com\/de\/wp-content\/uploads\/2019\/09\/Colagen36_FB_Share_September2019_Hairskin.png\" \/>\n\t<meta property=\"og:image:width\" content=\"1200\" \/>\n\t<meta property=\"og:image:height\" content=\"675\" \/>\n<meta name=\"twitter:card\" content=\"summary_large_image\" \/>\n<meta name=\"twitter:label1\" content=\"Gesch\u00e4tzte Lesezeit\">\n\t<meta name=\"twitter:data1\" content=\"5\u00a0Minuten\">\n<script type=\"application\/ld+json\" class=\"yoast-schema-graph\">{\"@context\":\"https:\/\/schema.org\",\"@graph\":[{\"@type\":\"WebSite\",\"@id\":\"https:\/\/collagen36.com\/de\/#website\",\"url\":\"https:\/\/collagen36.com\/de\/\",\"name\":\"Collagen36\",\"description\":\"Collagen\",\"potentialAction\":[{\"@type\":\"SearchAction\",\"target\":\"https:\/\/collagen36.com\/de\/?s={search_term_string}\",\"query-input\":\"required name=search_term_string\"}],\"inLanguage\":\"de\"},{\"@type\":\"ImageObject\",\"@id\":\"https:\/\/collagen36.com\/de\/#primaryimage\",\"inLanguage\":\"de\",\"url\":\"https:\/\/collagen36.com\/de\/wp-content\/uploads\/2019\/05\/hair_skin_big.png\",\"width\":552,\"height\":96},{\"@type\":\"WebPage\",\"@id\":\"https:\/\/collagen36.com\/de\/#webpage\",\"url\":\"https:\/\/collagen36.com\/de\/\",\"name\":\"Collagen36 - Die effektivste Formel \\u2013 Fischkollagen und Zus\\u00e4tze.\",\"isPartOf\":{\"@id\":\"https:\/\/collagen36.com\/de\/#website\"},\"primaryImageOfPage\":{\"@id\":\"https:\/\/collagen36.com\/de\/#primaryimage\"},\"datePublished\":\"2019-05-21T12:18:28+00:00\",\"dateModified\":\"2021-02-03T13:33:59+00:00\",\"description\":\"Collagen36 sorgt f\\u00fcr ein jugendliches Aussehen - f\\u00fcr gl\\u00e4nzendes Haar, wurmige N\\u00e4gel und eine glattere Haut. Es schmeckt gut und riecht gut.\",\"inLanguage\":\"de\",\"potentialAction\":[{\"@type\":\"ReadAction\",\"target\":[\"https:\/\/collagen36.com\/de\/\"]}]}]}<\/script>\n<!-- \/ Yoast SEO plugin. -->","_links":{"self":[{"href":"https:\/\/collagen36.com\/de\/wp-json\/wp\/v2\/pages\/28"}],"collection":[{"href":"https:\/\/collagen36.com\/de\/wp-json\/wp\/v2\/pages"}],"about":[{"href":"https:\/\/collagen36.com\/de\/wp-json\/wp\/v2\/types\/page"}],"author":[{"embeddable":true,"href":"https:\/\/collagen36.com\/de\/wp-json\/wp\/v2\/users\/8"}],"replies":[{"embeddable":true,"href":"https:\/\/collagen36.com\/de\/wp-json\/wp\/v2\/comments?post=28"}],"version-history":[{"count":35,"href":"https:\/\/collagen36.com\/de\/wp-json\/wp\/v2\/pages\/28\/revisions"}],"predecessor-version":[{"id":767,"href":"https:\/\/collagen36.com\/de\/wp-json\/wp\/v2\/pages\/28\/revisions\/767"}],"wp:attachment":[{"href":"https:\/\/collagen36.com\/de\/wp-json\/wp\/v2\/media?parent=28"}],"curies":[{"name":"wp","href":"https:\/\/api.w.org\/{rel}","templated":true}]}}