{"id":377,"date":"2020-03-13T19:52:51","date_gmt":"2020-03-13T18:52:51","guid":{"rendered":"https:\/\/collagen36.com\/si\/?page_id=377"},"modified":"2021-02-03T14:44:11","modified_gmt":"2021-02-03T13:44:11","slug":"haufig-gestellte-fragen","status":"publish","type":"page","link":"https:\/\/collagen36.com\/de\/haufig-gestellte-fragen\/","title":{"rendered":"Collagen36 H\u00e4ufig gestellte Fragen"},"content":{"rendered":"<div id=\"cs-content\" class=\"cs-content\" >\n<div class=\"e377-1 x-section\" >\n      \n<div class=\"e377-2 x-container max width\" >\n    \n<div class=\"e377-3 x-column x-sm x-1-1\" >\n    &nbsp;<\/div>\n<\/div>\n  <\/div>\n\n<div class=\"e377-4 x-section\" >\n      \n<div class=\"e377-5 x-container max width\" >\n    \n<div class=\"e377-6 x-column x-sm x-1-1\" >\n    \n<span class=\"e377-7 x-image\" >\n  <img alt=\"Image\" src=\"https:\/\/collagen36.com\/de\/wp-content\/uploads\/2020\/03\/cheers-to-beauty-2.png\" width=\"670\" height=\"472\" >\n<\/span>\n<\/div>\n<\/div>\n  <\/div>\n\n<div class=\"e377-8 x-section\" >\n      \n<div class=\"e377-9 x-container max width\" >\n    \n<div class=\"e377-10 x-column x-sm x-1-1\" >\n    &nbsp;<\/div>\n<\/div>\n  <\/div>\n\n<div class=\"e377-11 x-section\" >\n      \n<div class=\"e377-12 x-container max width\" >\n    \n<div class=\"e377-13 x-column x-sm x-1-1\" >\n    \n<div class=\"e377-14 x-text x-text-headline\" >\n  <div class=\"x-text-content\"><div class=\"x-text-content-text\"><h2 class=\"x-text-content-text-primary\">H&auml;ufig gestellte Fragen<\/h2><\/div><\/div><\/div>\n\n<div class=\"e377-15 x-acc\" role=\"tablist\" id=\"x-acc-e377-15\" >\n  \n<div class=\"e377-16 x-acc-item\" id=\"\" >\n  <button id=\"tab-e377-16\" class=\"x-acc-header\" role=\"tab\" type=\"button\" aria-selected=\"false\" aria-expanded=\"false\" aria-controls=\"panel-e377-16\" data-x-toggle=\"collapse\" data-x-toggleable=\"e377-16\" >\n    <span class=\"x-acc-header-content\">\n      <span class=\"x-acc-header-indicator\">\n<i class=\"e377-16 x-icon\" aria-hidden=\"true\" data-x-icon-s=\"&#xf330;\" ><\/i>\n<\/span>      <span class=\"x-acc-header-text\">1. Wo kann man Kollagen kaufen?<\/span>\n    <\/span>\n  <\/button>\n  <div id=\"panel-e377-16\" role=\"tabpanel\" aria-hidden=\"true\" aria-labelledby=\"tab-e377-16\" data-x-toggleable=\"e377-16\" data-x-toggle-collapse=\"1\" class=\"x-collapsed\" >\n    <div class=\"x-acc-content\">\n      <ul>\n<li>Im Internet<\/li>\n<li>In Apotheken<\/li>\n<li>In Gesch\u00e4ften<\/li>\n<\/ul>    <\/div>\n  <\/div>\n<\/div>\n\n<div class=\"e377-17 x-acc-item\" id=\"\" >\n  <button id=\"tab-e377-17\" class=\"x-acc-header\" role=\"tab\" type=\"button\" aria-selected=\"false\" aria-expanded=\"false\" aria-controls=\"panel-e377-17\" data-x-toggle=\"collapse\" data-x-toggleable=\"e377-17\" >\n    <span class=\"x-acc-header-content\">\n      <span class=\"x-acc-header-indicator\">\n<i class=\"e377-17 x-icon\" aria-hidden=\"true\" data-x-icon-s=\"&#xf330;\" ><\/i>\n<\/span>      <span class=\"x-acc-header-text\">2. Wo kann ich COLLAGEN36 kaufen?<\/span>\n    <\/span>\n  <\/button>\n  <div id=\"panel-e377-17\" role=\"tabpanel\" aria-hidden=\"true\" aria-labelledby=\"tab-e377-17\" data-x-toggleable=\"e377-17\" data-x-toggle-collapse=\"1\" class=\"x-collapsed\" >\n    <div class=\"x-acc-content\">\n      <ul>\n<li>In Friseursalons<\/li>\n<li>In Sch\u00f6nheitssalons<\/li>\n<li>In Nagelstudios<\/li>\n<li>In Wellnesszentren<\/li>\n<\/ul>    <\/div>\n  <\/div>\n<\/div>\n\n<div class=\"e377-18 x-acc-item\" id=\"\" >\n  <button id=\"tab-e377-18\" class=\"x-acc-header\" role=\"tab\" type=\"button\" aria-selected=\"false\" aria-expanded=\"false\" aria-controls=\"panel-e377-18\" data-x-toggle=\"collapse\" data-x-toggleable=\"e377-18\" >\n    <span class=\"x-acc-header-content\">\n      <span class=\"x-acc-header-indicator\">\n<i class=\"e377-18 x-icon\" aria-hidden=\"true\" data-x-icon-s=\"&#xf330;\" ><\/i>\n<\/span>      <span class=\"x-acc-header-text\">3. Vorteile von COLLAGEN36<\/span>\n    <\/span>\n  <\/button>\n  <div id=\"panel-e377-18\" role=\"tabpanel\" aria-hidden=\"true\" aria-labelledby=\"tab-e377-18\" data-x-toggleable=\"e377-18\" data-x-toggle-collapse=\"1\" class=\"x-collapsed\" >\n    <div class=\"x-acc-content\">\n      <ul>\n<li>Es ist das einzige Kollagenprodukt, das exklusiv in Salons erh\u00e4ltlich ist.<\/li>\n<li>Es ist in fl\u00fcssiger Form erh\u00e4ltlich, und wir k\u00f6nnen Beauty Experiences (Verkostung, D\u00fcfte usw. und Beantwortung von Kundenfragen) in Salons f\u00fcr Kunden organisieren. So pr\u00e4sentieren wir unseren Kunden dieses Produkt auf einzigartige Weise.<\/li>\n<\/ul>\n    <\/div>\n  <\/div>\n<\/div>\n\n<div class=\"e377-19 x-acc-item\" id=\"\" >\n  <button id=\"tab-e377-19\" class=\"x-acc-header\" role=\"tab\" type=\"button\" aria-selected=\"false\" aria-expanded=\"false\" aria-controls=\"panel-e377-19\" data-x-toggle=\"collapse\" data-x-toggleable=\"e377-19\" >\n    <span class=\"x-acc-header-content\">\n      <span class=\"x-acc-header-indicator\">\n<i class=\"e377-19 x-icon\" aria-hidden=\"true\" data-x-icon-s=\"&#xf330;\" ><\/i>\n<\/span>      <span class=\"x-acc-header-text\">4. Warum ist Kollagen so wichtig?<\/span>\n    <\/span>\n  <\/button>\n  <div id=\"panel-e377-19\" role=\"tabpanel\" aria-hidden=\"true\" aria-labelledby=\"tab-e377-19\" data-x-toggleable=\"e377-19\" data-x-toggle-collapse=\"1\" class=\"x-collapsed\" >\n    <div class=\"x-acc-content\">\n      <ul><li>Kollagen macht etwa 75 % unserer Haut aus, und nach dem 25. Lebensjahr produziert unser K\u00f6rper jedes Jahr 1,5 % weniger Kollagen (abh\u00e4ngig von Lebensgewohnheiten wie Ern\u00e4hrung, Sonneneinstrahlung, Schlaf und Stress wird die Kollagenproduktion bis zum 50. Lebensjahr um 50 % reduziert; dieser Prozess wird auch von Genen und Hormonen beeinflusst).<\/li><\/ul>    <\/div>\n  <\/div>\n<\/div>\n\n<div class=\"e377-20 x-acc-item\" id=\"\" >\n  <button id=\"tab-e377-20\" class=\"x-acc-header\" role=\"tab\" type=\"button\" aria-selected=\"false\" aria-expanded=\"false\" aria-controls=\"panel-e377-20\" data-x-toggle=\"collapse\" data-x-toggleable=\"e377-20\" >\n    <span class=\"x-acc-header-content\">\n      <span class=\"x-acc-header-indicator\">\n<i class=\"e377-20 x-icon\" aria-hidden=\"true\" data-x-icon-s=\"&#xf330;\" ><\/i>\n<\/span>      <span class=\"x-acc-header-text\">5. Was ist die Verbindung zwischen Kollagen und Keratin, dem Hauptbestandteil von Haaren und N\u00e4geln?<\/span>\n    <\/span>\n  <\/button>\n  <div id=\"panel-e377-20\" role=\"tabpanel\" aria-hidden=\"true\" aria-labelledby=\"tab-e377-20\" data-x-toggleable=\"e377-20\" data-x-toggle-collapse=\"1\" class=\"x-collapsed\" >\n    <div class=\"x-acc-content\">\n      <ul><li>Keratin ist der Hauptbestandteil von Haaren und N\u00e4geln. Daher interessieren sich viele Menschen daf\u00fcr, in welchem Zusammenhang Kollagen damit steht. Kollagen dient als Nahrung oder Baustein f\u00fcr Keratin, da es aus Aminos\u00e4uren besteht, die unser K\u00f6rper ben\u00f6tigt, um Keratin und somit Haare, Haut und N\u00e4gel zu bilden. Kollagen hat einen besonders hohen Gehalt an der Aminos\u00e4ure Prolin, die f\u00fcr die Bildung von Keratin notwendig ist.<\/li><\/ul>    <\/div>\n  <\/div>\n<\/div>\n\n<div class=\"e377-21 x-acc-item\" id=\"\" >\n  <button id=\"tab-e377-21\" class=\"x-acc-header\" role=\"tab\" type=\"button\" aria-selected=\"false\" aria-expanded=\"false\" aria-controls=\"panel-e377-21\" data-x-toggle=\"collapse\" data-x-toggleable=\"e377-21\" >\n    <span class=\"x-acc-header-content\">\n      <span class=\"x-acc-header-indicator\">\n<i class=\"e377-21 x-icon\" aria-hidden=\"true\" data-x-icon-s=\"&#xf330;\" ><\/i>\n<\/span>      <span class=\"x-acc-header-text\">6. In welcher Form ist Kollagen verf\u00fcgbar?<\/span>\n    <\/span>\n  <\/button>\n  <div id=\"panel-e377-21\" role=\"tabpanel\" aria-hidden=\"true\" aria-labelledby=\"tab-e377-21\" data-x-toggleable=\"e377-21\" data-x-toggle-collapse=\"1\" class=\"x-collapsed\" >\n    <div class=\"x-acc-content\">\n      <ul>\n<li>Tabletten oder Kapseln<\/li>\n<li>Kollagenpulver<\/li>\n<li>Fl\u00fcssiges Kollagen<\/li>\n<\/ul>\n    <\/div>\n  <\/div>\n<\/div>\n\n<div class=\"e377-22 x-acc-item\" id=\"\" >\n  <button id=\"tab-e377-22\" class=\"x-acc-header\" role=\"tab\" type=\"button\" aria-selected=\"false\" aria-expanded=\"false\" aria-controls=\"panel-e377-22\" data-x-toggle=\"collapse\" data-x-toggleable=\"e377-22\" >\n    <span class=\"x-acc-header-content\">\n      <span class=\"x-acc-header-indicator\">\n<i class=\"e377-22 x-icon\" aria-hidden=\"true\" data-x-icon-s=\"&#xf330;\" ><\/i>\n<\/span>      <span class=\"x-acc-header-text\">7. Was ist der Unterschied zwischen ihnen?<\/span>\n    <\/span>\n  <\/button>\n  <div id=\"panel-e377-22\" role=\"tabpanel\" aria-hidden=\"true\" aria-labelledby=\"tab-e377-22\" data-x-toggleable=\"e377-22\" data-x-toggle-collapse=\"1\" class=\"x-collapsed\" >\n    <div class=\"x-acc-content\">\n      <ul>\n<li>Der gr\u00f6\u00dfte Unterschied besteht in der Gr\u00f6\u00dfe der Molek\u00fcle. Die Gr\u00f6\u00dfe der Kollagenmolek\u00fcle betr\u00e4gt von 2.000 bis 10.000 Dalton.<\/li>\n<li>Die Molek\u00fcle sind in fl\u00fcssigem Kollagen am kleinsten, was bedeutet, dass sie in unseren K\u00f6rper auch am einfachsten aufgenommen werden k\u00f6nnen. Die durchschnittliche Gr\u00f6\u00dfe der Kollagenmolek\u00fcle in COLLAGEN36 betr\u00e4gt 3.000 Da.<\/li>\n<li>Untersuchungen zeigen, dass Kollagen mit Molek\u00fclen mit einer Masse von 2.500 bis 15.000 Da zu 90 % in unserem K\u00f6rper aufgenommen werden kann.<\/li>\n<\/ul>    <\/div>\n  <\/div>\n<\/div>\n\n<div class=\"e377-23 x-acc-item\" id=\"\" >\n  <button id=\"tab-e377-23\" class=\"x-acc-header\" role=\"tab\" type=\"button\" aria-selected=\"false\" aria-expanded=\"false\" aria-controls=\"panel-e377-23\" data-x-toggle=\"collapse\" data-x-toggleable=\"e377-23\" >\n    <span class=\"x-acc-header-content\">\n      <span class=\"x-acc-header-indicator\">\n<i class=\"e377-23 x-icon\" aria-hidden=\"true\" data-x-icon-s=\"&#xf330;\" ><\/i>\n<\/span>      <span class=\"x-acc-header-text\">8. Wann ist es am besten, mit der Einnahme von Kollagen zu beginnen?<\/span>\n    <\/span>\n  <\/button>\n  <div id=\"panel-e377-23\" role=\"tabpanel\" aria-hidden=\"true\" aria-labelledby=\"tab-e377-23\" data-x-toggleable=\"e377-23\" data-x-toggle-collapse=\"1\" class=\"x-collapsed\" >\n    <div class=\"x-acc-content\">\n      <ul>\n<li>Es ist am besten, wenn Sie im Alter von 30 Jahren mit der Einnahme von Kollagen beginnen, wenn dessen Bildung im K\u00f6rper abnimmt (besser Vorbereitung und Vorbeugung jetzt als Korrektur und Bedauern sp\u00e4ter). Es kann jedoch auch sp\u00e4ter mit der Einnahme von Kollagen begonnen werden (im Alter von 40 Jahren oder bei den ersten Anzeichen eines Hautdefizits).<\/li>\n<\/ul>    <\/div>\n  <\/div>\n<\/div>\n\n<div class=\"e377-24 x-acc-item\" id=\"\" >\n  <button id=\"tab-e377-24\" class=\"x-acc-header\" role=\"tab\" type=\"button\" aria-selected=\"false\" aria-expanded=\"false\" aria-controls=\"panel-e377-24\" data-x-toggle=\"collapse\" data-x-toggleable=\"e377-24\" >\n    <span class=\"x-acc-header-content\">\n      <span class=\"x-acc-header-indicator\">\n<i class=\"e377-24 x-icon\" aria-hidden=\"true\" data-x-icon-s=\"&#xf330;\" ><\/i>\n<\/span>      <span class=\"x-acc-header-text\">9. Erh\u00e4lt der K\u00f6rper genug Kollagen, wenn man nur eine Flasche COLLAGEN36 einnimmt?<\/span>\n    <\/span>\n  <\/button>\n  <div id=\"panel-e377-24\" role=\"tabpanel\" aria-hidden=\"true\" aria-labelledby=\"tab-e377-24\" data-x-toggleable=\"e377-24\" data-x-toggle-collapse=\"1\" class=\"x-collapsed\" >\n    <div class=\"x-acc-content\">\n      <ul>\n<li>Leider nicht. COLLAGEN36 sollte Teil Ihrer Morgenroutine werden \u2013 ein Sch\u00f6nheitsgetr\u00e4nk.<\/li>\n<\/ul>    <\/div>\n  <\/div>\n<\/div>\n\n<div class=\"e377-25 x-acc-item\" id=\"\" >\n  <button id=\"tab-e377-25\" class=\"x-acc-header\" role=\"tab\" type=\"button\" aria-selected=\"false\" aria-expanded=\"false\" aria-controls=\"panel-e377-25\" data-x-toggle=\"collapse\" data-x-toggleable=\"e377-25\" >\n    <span class=\"x-acc-header-content\">\n      <span class=\"x-acc-header-indicator\">\n<i class=\"e377-25 x-icon\" aria-hidden=\"true\" data-x-icon-s=\"&#xf330;\" ><\/i>\n<\/span>      <span class=\"x-acc-header-text\">10. Ist Kollagen pflanzlichen Ursprungs?<\/span>\n    <\/span>\n  <\/button>\n  <div id=\"panel-e377-25\" role=\"tabpanel\" aria-hidden=\"true\" aria-labelledby=\"tab-e377-25\" data-x-toggleable=\"e377-25\" data-x-toggle-collapse=\"1\" class=\"x-collapsed\" >\n    <div class=\"x-acc-content\">\n      <ul>\n<li>Kollagen ist immer tierischen Ursprungs. Die h\u00e4ufigsten Arten von Kollagen sind Rinder- und Fischkollagen. COLLAGEN36 stammt aus Fischen.<\/li>\n<\/ul>    <\/div>\n  <\/div>\n<\/div>\n\n<div class=\"e377-26 x-acc-item\" id=\"\" >\n  <button id=\"tab-e377-26\" class=\"x-acc-header\" role=\"tab\" type=\"button\" aria-selected=\"false\" aria-expanded=\"false\" aria-controls=\"panel-e377-26\" data-x-toggle=\"collapse\" data-x-toggleable=\"e377-26\" >\n    <span class=\"x-acc-header-content\">\n      <span class=\"x-acc-header-indicator\">\n<i class=\"e377-26 x-icon\" aria-hidden=\"true\" data-x-icon-s=\"&#xf330;\" ><\/i>\n<\/span>      <span class=\"x-acc-header-text\">11. Welche Art von Kollagen (1, 2, 3) enth\u00e4lt COLLAGEN36?<\/span>\n    <\/span>\n  <\/button>\n  <div id=\"panel-e377-26\" role=\"tabpanel\" aria-hidden=\"true\" aria-labelledby=\"tab-e377-26\" data-x-toggleable=\"e377-26\" data-x-toggle-collapse=\"1\" class=\"x-collapsed\" >\n    <div class=\"x-acc-content\">\n      <ul>\n<li>COLLAGEN36 enth\u00e4lt Kollagen Typ 1.<\/li>\n<li>Wir haben verschiedene Arten von Kollagen in unserem K\u00f6rper. Typ 1 ist mengenm\u00e4\u00dfig am st\u00e4rksten vertreten. Es besteht aus Fasern, die Knochen, Haut, Sehnen, Hornhaut, Blutgef\u00e4\u00dfw\u00e4nde und andere Bindegewebe bilden.<\/li>\n<li>Die Einnahme von Kollagen Typ 1 verbessert die Elastizit\u00e4t und Feuchtigkeitsversorgung der Haut (es verhindert die Bildung von Falten), hilft bei der Regeneration von Muskeln, Augen und Knochen, erh\u00f6ht die Festigkeit von N\u00e4geln und tr\u00e4gt zu st\u00e4rkerem und dickerem Haar bei.<\/li>\n<li>Auf dem Markt herrscht die \u00dcberzeugung, dass Kollagen Typ 1 am besten ist, insbesondere f\u00fcr Haut, N\u00e4gel und Haare.<\/li>\n<\/ul>    <\/div>\n  <\/div>\n<\/div>\n\n<div class=\"e377-27 x-acc-item\" id=\"\" >\n  <button id=\"tab-e377-27\" class=\"x-acc-header\" role=\"tab\" type=\"button\" aria-selected=\"false\" aria-expanded=\"false\" aria-controls=\"panel-e377-27\" data-x-toggle=\"collapse\" data-x-toggleable=\"e377-27\" >\n    <span class=\"x-acc-header-content\">\n      <span class=\"x-acc-header-indicator\">\n<i class=\"e377-27 x-icon\" aria-hidden=\"true\" data-x-icon-s=\"&#xf330;\" ><\/i>\n<\/span>      <span class=\"x-acc-header-text\">12. Wie viel Kollagen enth\u00e4lt COLLAGEN36?<\/span>\n    <\/span>\n  <\/button>\n  <div id=\"panel-e377-27\" role=\"tabpanel\" aria-hidden=\"true\" aria-labelledby=\"tab-e377-27\" data-x-toggleable=\"e377-27\" data-x-toggle-collapse=\"1\" class=\"x-collapsed\" >\n    <div class=\"x-acc-content\">\n      <ul>\n<li>25 ml \u2013 7,000 \u00b5<\/li>\n<li>100 ml \u2013 28,000 \u00b5<\/li>\n<li>25 ml reicht f\u00fcr eine Kollagen-Tagesdosis aus<\/li>\n<\/ul>    <\/div>\n  <\/div>\n<\/div>\n\n<div class=\"e377-28 x-acc-item\" id=\"\" >\n  <button id=\"tab-e377-28\" class=\"x-acc-header\" role=\"tab\" type=\"button\" aria-selected=\"false\" aria-expanded=\"false\" aria-controls=\"panel-e377-28\" data-x-toggle=\"collapse\" data-x-toggleable=\"e377-28\" >\n    <span class=\"x-acc-header-content\">\n      <span class=\"x-acc-header-indicator\">\n<i class=\"e377-28 x-icon\" aria-hidden=\"true\" data-x-icon-s=\"&#xf330;\" ><\/i>\n<\/span>      <span class=\"x-acc-header-text\">13. Kann ich eine \u00dcberdosis von COLLAGEN36 einnehmen?<\/span>\n    <\/span>\n  <\/button>\n  <div id=\"panel-e377-28\" role=\"tabpanel\" aria-hidden=\"true\" aria-labelledby=\"tab-e377-28\" data-x-toggleable=\"e377-28\" data-x-toggle-collapse=\"1\" class=\"x-collapsed\" >\n    <div class=\"x-acc-content\">\n      <ul>\n<li>Nein. Der K\u00f6rper scheidet \u00fcbersch\u00fcssiges Kollagen aus.<\/li>\n<\/ul>    <\/div>\n  <\/div>\n<\/div>\n\n<div class=\"e377-29 x-acc-item\" id=\"\" >\n  <button id=\"tab-e377-29\" class=\"x-acc-header\" role=\"tab\" type=\"button\" aria-selected=\"false\" aria-expanded=\"false\" aria-controls=\"panel-e377-29\" data-x-toggle=\"collapse\" data-x-toggleable=\"e377-29\" >\n    <span class=\"x-acc-header-content\">\n      <span class=\"x-acc-header-indicator\">\n<i class=\"e377-29 x-icon\" aria-hidden=\"true\" data-x-icon-s=\"&#xf330;\" ><\/i>\n<\/span>      <span class=\"x-acc-header-text\">14. Warum enth\u00e4lt COLLAGEN36 Koffein?<\/span>\n    <\/span>\n  <\/button>\n  <div id=\"panel-e377-29\" role=\"tabpanel\" aria-hidden=\"true\" aria-labelledby=\"tab-e377-29\" data-x-toggleable=\"e377-29\" data-x-toggle-collapse=\"1\" class=\"x-collapsed\" >\n    <div class=\"x-acc-content\">\n      <ul>\n<li>Koffein ist eine nat\u00fcrliche Zutat im paraguayischen Teeextrakt, der in Collagen36 enthalten ist. Die Tagesdosis (25 ml) von Collagen36 enth\u00e4lt nur 10 mg Koffein. Das bedeutet, dass Sie 10 Tagesdosen Collagen36 einnehmen sollten, um so viel Koffein Ihrem K\u00f6rper zuzuf\u00fchren wie mit einer Tasse Kaffee (ca. 100 mg).<\/li>\n<\/ul>    <\/div>\n  <\/div>\n<\/div>\n\n<div class=\"e377-30 x-acc-item\" id=\"\" >\n  <button id=\"tab-e377-30\" class=\"x-acc-header\" role=\"tab\" type=\"button\" aria-selected=\"false\" aria-expanded=\"false\" aria-controls=\"panel-e377-30\" data-x-toggle=\"collapse\" data-x-toggleable=\"e377-30\" >\n    <span class=\"x-acc-header-content\">\n      <span class=\"x-acc-header-indicator\">\n<i class=\"e377-30 x-icon\" aria-hidden=\"true\" data-x-icon-s=\"&#xf330;\" ><\/i>\n<\/span>      <span class=\"x-acc-header-text\">15. Wie viel Kollagen nimmt der K\u00f6rper auf?<\/span>\n    <\/span>\n  <\/button>\n  <div id=\"panel-e377-30\" role=\"tabpanel\" aria-hidden=\"true\" aria-labelledby=\"tab-e377-30\" data-x-toggleable=\"e377-30\" data-x-toggle-collapse=\"1\" class=\"x-collapsed\" >\n    <div class=\"x-acc-content\">\n      <ul>\n<li>Untersuchungen zeigen, dass der menschliche K\u00f6rper bis zu 90 % des Kollagens aus einer Tagesdosis aufnehmen kann.<\/li>\n<\/ul>    <\/div>\n  <\/div>\n<\/div>\n<\/div>\n<\/div>\n<\/div>\n  <\/div>\n\n<div class=\"e377-31 x-section\" >\n      \n<div class=\"e377-32 x-container max width\" >\n    \n<div class=\"e377-33 x-column x-sm x-1-1\" >\n    \n<div class=\"e377-34 x-text\" >\n  <\/div>\n<\/div>\n<\/div>\n  <\/div>\n<\/div>\n","protected":false},"excerpt":{"rendered":"<p>&nbsp; &nbsp; H\u00e4ufig gestellte Fragen 1. Wo kann man Kollagen kaufen? Im Internet In Apotheken In Gesch\u00e4ften 2. Wo kann ich COLLAGEN36 kaufen? In Friseursalons In Sch\u00f6nheitssalons In Nagelstudios In Wellnesszentren 3. Vorteile von COLLAGEN36 Es ist das einzige Kollagenprodukt, das exklusiv in Salons erh\u00e4ltlich ist. Es ist in fl\u00fcssiger Form erh\u00e4ltlich, und wir k\u00f6nnen Beauty Experiences (Verkostung, D\u00fcfte usw. &#8230; <\/p>\n<div><a href=\"https:\/\/collagen36.com\/de\/haufig-gestellte-fragen\/\" class=\"more-link\">Read More<\/a><\/div>\n","protected":false},"author":9,"featured_media":0,"parent":0,"menu_order":0,"comment_status":"closed","ping_status":"closed","template":"template-blank-4.php","meta":[],"yoast_head":"<!-- This site is optimized with the Yoast SEO plugin v15.7 - https:\/\/yoast.com\/wordpress\/plugins\/seo\/ -->\n<title>Collagen36 H\u00e4ufig gestellte Fragen<\/title>\n<meta name=\"robots\" content=\"index, follow, max-snippet:-1, max-image-preview:large, max-video-preview:-1\" \/>\n<link rel=\"canonical\" href=\"https:\/\/collagen36.com\/de\/haufig-gestellte-fragen\/\" \/>\n<meta property=\"og:locale\" content=\"de_DE\" \/>\n<meta property=\"og:type\" content=\"article\" \/>\n<meta property=\"og:title\" content=\"Collagen36 H\u00e4ufig gestellte Fragen\" \/>\n<meta property=\"og:description\" content=\"&nbsp; &nbsp; H\u00e4ufig gestellte Fragen 1. Wo kann man Kollagen kaufen? Im Internet In Apotheken In Gesch\u00e4ften 2. Wo kann ich COLLAGEN36 kaufen? In Friseursalons In Sch\u00f6nheitssalons In Nagelstudios In Wellnesszentren 3. Vorteile von COLLAGEN36 Es ist das einzige Kollagenprodukt, das exklusiv in Salons erh\u00e4ltlich ist. Es ist in fl\u00fcssiger Form erh\u00e4ltlich, und wir k\u00f6nnen Beauty Experiences (Verkostung, D\u00fcfte usw. ... Read More\" \/>\n<meta property=\"og:url\" content=\"https:\/\/collagen36.com\/de\/haufig-gestellte-fragen\/\" \/>\n<meta property=\"og:site_name\" content=\"Collagen36\" \/>\n<meta property=\"article:modified_time\" content=\"2021-02-03T13:44:11+00:00\" \/>\n<meta property=\"og:image\" content=\"https:\/\/collagen36.com\/de\/wp-content\/uploads\/2020\/03\/cheers-to-beauty-2.png\" \/>\n<meta name=\"twitter:card\" content=\"summary_large_image\" \/>\n<meta name=\"twitter:label1\" content=\"Gesch\u00e4tzte Lesezeit\">\n\t<meta name=\"twitter:data1\" content=\"4\u00a0Minuten\">\n<script type=\"application\/ld+json\" class=\"yoast-schema-graph\">{\"@context\":\"https:\/\/schema.org\",\"@graph\":[{\"@type\":\"WebSite\",\"@id\":\"https:\/\/collagen36.com\/de\/#website\",\"url\":\"https:\/\/collagen36.com\/de\/\",\"name\":\"Collagen36\",\"description\":\"Collagen\",\"potentialAction\":[{\"@type\":\"SearchAction\",\"target\":\"https:\/\/collagen36.com\/de\/?s={search_term_string}\",\"query-input\":\"required name=search_term_string\"}],\"inLanguage\":\"de\"},{\"@type\":\"ImageObject\",\"@id\":\"https:\/\/collagen36.com\/de\/haufig-gestellte-fragen\/#primaryimage\",\"inLanguage\":\"de\",\"url\":\"https:\/\/collagen36.com\/de\/wp-content\/uploads\/2020\/03\/cheers-to-beauty-2.png\",\"width\":670,\"height\":472},{\"@type\":\"WebPage\",\"@id\":\"https:\/\/collagen36.com\/de\/haufig-gestellte-fragen\/#webpage\",\"url\":\"https:\/\/collagen36.com\/de\/haufig-gestellte-fragen\/\",\"name\":\"Collagen36 H\\u00e4ufig gestellte Fragen\",\"isPartOf\":{\"@id\":\"https:\/\/collagen36.com\/de\/#website\"},\"primaryImageOfPage\":{\"@id\":\"https:\/\/collagen36.com\/de\/haufig-gestellte-fragen\/#primaryimage\"},\"datePublished\":\"2020-03-13T18:52:51+00:00\",\"dateModified\":\"2021-02-03T13:44:11+00:00\",\"inLanguage\":\"de\",\"potentialAction\":[{\"@type\":\"ReadAction\",\"target\":[\"https:\/\/collagen36.com\/de\/haufig-gestellte-fragen\/\"]}]}]}<\/script>\n<!-- \/ Yoast SEO plugin. -->","_links":{"self":[{"href":"https:\/\/collagen36.com\/de\/wp-json\/wp\/v2\/pages\/377"}],"collection":[{"href":"https:\/\/collagen36.com\/de\/wp-json\/wp\/v2\/pages"}],"about":[{"href":"https:\/\/collagen36.com\/de\/wp-json\/wp\/v2\/types\/page"}],"author":[{"embeddable":true,"href":"https:\/\/collagen36.com\/de\/wp-json\/wp\/v2\/users\/9"}],"replies":[{"embeddable":true,"href":"https:\/\/collagen36.com\/de\/wp-json\/wp\/v2\/comments?post=377"}],"version-history":[{"count":18,"href":"https:\/\/collagen36.com\/de\/wp-json\/wp\/v2\/pages\/377\/revisions"}],"predecessor-version":[{"id":768,"href":"https:\/\/collagen36.com\/de\/wp-json\/wp\/v2\/pages\/377\/revisions\/768"}],"wp:attachment":[{"href":"https:\/\/collagen36.com\/de\/wp-json\/wp\/v2\/media?parent=377"}],"curies":[{"name":"wp","href":"https:\/\/api.w.org\/{rel}","templated":true}]}}