{"id":61,"date":"2019-05-23T11:36:01","date_gmt":"2019-05-23T11:36:01","guid":{"rendered":"https:\/\/collagen36.com\/si\/?page_id=61"},"modified":"2021-02-03T14:43:53","modified_gmt":"2021-02-03T13:43:53","slug":"hair-and-skin","status":"publish","type":"page","link":"https:\/\/collagen36.com\/de\/hair-and-skin\/","title":{"rendered":"Collagen36 Hair and Skin"},"content":{"rendered":"<div id=\"cs-content\" class=\"cs-content\" >\n<div class=\"e61-1 x-section\" >\n      \n<div class=\"e61-2 x-container max width\" >\n    \n<div class=\"e61-3 x-column x-sm x-1-1\" >\n    &nbsp;<\/div>\n<\/div>\n  <\/div>\n\n<div class=\"e61-4 x-section\" >\n      \n<div class=\"e61-5 x-container max width\" >\n    \n<div class=\"e61-6 x-column x-sm x-1-2\" >\n    \n<span class=\"e61-7 x-image\" >\n  <img alt=\"Image\" src=\"https:\/\/collagen36.com\/de\/wp-content\/uploads\/2019\/07\/collagen36_hairskin_product_big_v3.png\" width=\"824\" height=\"972\" >\n<\/span>\n<\/div>\n\n<div class=\"e61-8 x-column x-sm x-1-2 productPageText\" >\n    \n<span class=\"e61-9 x-image\" >\n  <img alt=\"Image\" src=\"https:\/\/collagen36.com\/de\/wp-content\/uploads\/2019\/05\/hair_skin_big2.png\" width=\"276\" height=\"48\" >\n<\/span>\n\n<div class=\"e61-10 x-text x-text-headline\" >\n  <div class=\"x-text-content\"><div class=\"x-text-content-text\"><h2 class=\"x-text-content-text-primary\">Wieder gl&auml;nzendes, kr&auml;ftiges und gesundes Haar<\/h2><\/div><\/div><\/div>\n\n<div class=\"e61-11 x-text\" >\n  <p>Collagen36 Hair and Skin mit Ananasgeschmack ist das effektivste Kollagengetr&auml;nk <strong>f&uuml;r Ihr Haar<\/strong> auf dem Markt!<\/p>\n<p>Dies ist das erste Kollagen mit wirklich gutem Geschmack und angenehmem Duft.<\/p>\n<p>Ohne Zucker, Gluten, Laktose und Spuren von Soja. Trinkfertig.<\/p><\/div>\n<\/div>\n<\/div>\n  <\/div>\n\n<div class=\"e61-12 x-section\" >\n      \n<div class=\"e61-13 x-container max width\" >\n    \n<div class=\"e61-14 x-column x-sm x-1-1\" >\n    &nbsp;<\/div>\n<\/div>\n  <\/div>\n\n<div class=\"e61-15 x-section\" >\n      \n<div class=\"e61-16 x-container max width\" >\n    \n<div class=\"e61-17 x-column x-sm x-2-3\" >\n    \n<div class=\"e61-18 x-text x-text-headline\" >\n  <div class=\"x-text-content\"><div class=\"x-text-content-text\"><h2 class=\"x-text-content-text-primary\">Beschreibung<\/h2><\/div><\/div><\/div>\n\n<div class=\"e61-19 x-text\" >\n  <p>Das Sch&ouml;nheitselixier Collagen36 Hair and Skin ist ein Nahrungserg&auml;nzungsmittel mit hohem Gehalt an Fischkollagen, Hyalurons&auml;ure, Zink und Vitaminen. Die regelm&auml;&szlig;ige Anwendung des Elixiers Collagen36 Hair and Skin hemmt den nat&uuml;rlichen Alterungsprozess von Haar und Haut. Jugendliches Aussehen &ndash; Ihr Haar wird wieder kr&auml;ftig und gl&auml;nzend und Ihre Haut glatter.<\/p>\n<p>Dies ist das erste Kollagen auf dem Markt, das f&uuml;r seinen angenehmen Duft und seinen wirklich gro&szlig;artigen Geschmack &ndash; den Geschmack von frischer Ananas &ndash; bekannt ist.<\/p>\n<p>Collagen36 Hair and Skin ist ein Getr&auml;nk und trinkfertig. Es muss nicht gemischt werden. Es ist f&uuml;r alle geeignet, die Probleme bei der Einnahme von Kapseln und Tabletten haben.<\/p>\n<p>Frei von Zucker, Gluten, Laktose und Spuren von Soja.<\/p>\n<p>Das Sch&ouml;nheitselixier Collagen36 Hair and Skin ist in 500-ml-Flaschen in einem Karton verpackt. Eine Dosierkappe ist ebenfalls enthalten.<\/p><\/div>\n\n<div class=\"e61-20 x-text x-text-headline\" >\n  <div class=\"x-text-content\"><div class=\"x-text-content-text\"><h2 class=\"x-text-content-text-primary\">Anwendung<\/h2><\/div><\/div><\/div>\n\n<div class=\"e61-21 x-text\" >\n  <p>Die empfohlene Tagesdosis betr&auml;gt 25 Milliliter. Eine Flasche reicht 20 Tage.<\/p>\n<p>Die Packung enth&auml;lt eine 25-ml-Messkappe, die eine genaue Dosierung erm&ouml;glicht. Die Flasche muss vor Gebrauch gesch&uuml;ttelt werden.<\/p>\n<p>Genie&szlig;en Sie das Produkt morgens auf n&uuml;chternen Magen. Es wird empfohlen, nach der Einnahme des Elixiers mindestens eine halbe Stunde lang keine anderen Lebensmittel zu sich zu nehmen.<\/p>\n<p>Die besten Ergebnisse wurden von Anwendern best&auml;tigt, die die Verwendung des Sch&ouml;nheitselixiers Collagen36 Hair and Skin mindestens dreimal pro Woche mit regelm&auml;&szlig;igen Aerobic-&Uuml;bungen kombinieren, eine ausgewogene Ern&auml;hrung mit m&ouml;glichst wenig Zucker genie&szlig;en und ausreichend Wasser trinken.<\/p><\/div>\n\n<div class=\"e61-22 x-text x-text-headline\" >\n  <div class=\"x-text-content\"><div class=\"x-text-content-text\"><h2 class=\"x-text-content-text-primary\">N&auml;hrwert und Zutaten<\/h2><\/div><\/div><\/div>\n\n<div class=\"e61-23 x-text\" >\n  <table>\n<tbody>\n<tr>\n<td width=\"15%\"><strong>Zutat<\/strong><\/td>\n<td width=\"15%\"><strong>Konzentration<\/strong><\/td>\n<td width=\"40%\"><strong>Wirkung<\/strong><\/td>\n<td width=\"30%\"><strong>Gem&auml;&szlig; EFSA best&auml;tigte Angaben (in Bezug auf Haargesundheit)<\/strong><\/td>\n<\/tr>\n<tr>\n<td>Vitamin A<\/td>\n<td>400 mcg (50 % RDA*)<\/td>\n<td>Vitamin A hilft den Hautdr&uuml;sen, Talg, eine &ouml;lige Substanz, zu produzieren. Talg befeuchtet die Kopfhaut und tr&auml;gt zur Erhaltung gesunder Haare bei. Eine Ern&auml;hrung mit zu wenig Vitamin A kann zu Haarausfall f&uuml;hren. Alle Zellen ben&ouml;tigen Vitamin A f&uuml;r ihr Wachstum, auch Haarzellen, die das am schnellsten wachsende Gewebe im menschlichen K&ouml;rper sind.<\/td>\n<td>\/<\/td>\n<\/tr>\n<tr>\n<td>Vitamin E<\/td>\n<td>12 mg (100 % RDA*)<\/td>\n<td>Verhindert Haarausfall, erh&ouml;ht den Haarglanz.<\/td>\n<td>Vitamin E spielt eine Rolle beim Schutz der Zellen vor oxidativem Stress.<\/td>\n<\/tr>\n<tr>\n<td>Vitamin C<\/td>\n<td>120 mg (150 % RDA*)<\/td>\n<td>Vitamin C spielt eine Rolle bei der Kollagenproduktion. Eine geringe Aufnahme von Vitamin C kann zu trockenem oder gespaltenem Haar f&uuml;hren.<\/td>\n<td>Vitamin C spielt auch eine Rolle beim Schutz der Zellen vor oxidativem Stress.<\/td>\n<\/tr>\n<tr>\n<td>Zink<\/td>\n<td>2 mg (20 % RDA*)<\/td>\n<td>Zinkmangel verursacht Haarausfall. Zink hilft beim Aufbau gesunder Zellen, reguliert Hormone und tr&auml;gt zur Aufnahme anderer N&auml;hrstoffe bei.<\/td>\n<td>Zink tr&auml;gt zur Erhaltung gesunder Haare bei.<\/td>\n<\/tr>\n<tr>\n<td>Biotin<\/td>\n<td>50 mcg (100 % RDA)*<\/td>\n<td>Biotinmangel verursacht Haarausfall und eine Ausd&uuml;nnung der Haare. Biotin kann zu einem schnelleren Wachstum und einer h&ouml;heren Haardichte beitragen.<\/td>\n<td>Biotin tr&auml;gt zur Erhaltung gesunder Haare bei.<\/td>\n<\/tr>\n<tr>\n<td>Trockener Papaya-Extrakt<\/td>\n<td>250 mg<\/td>\n<td>Die antioxidative Wirkung kann helfen, die Struktur des Haares wiederherzustellen. Er wird auch verwendet f&uuml;r: St&auml;rkung des Immunsystems, entz&uuml;ndungshemmende Wirkung, verdauungsf&ouml;rdernde Wirkung, Wundheilung, als Keratolytikum und Hautbleichmittel. Topische Anwendung: Hautpflege.<\/td>\n<td>\/<\/td>\n<\/tr>\n<tr>\n<td>\n<p>Paraguayischer Teeextrakt (Mate-Strauch), davon:<\/p>\n<p>Koffein<\/p>\n<\/td>\n<td>\n<p>250 mg<br \/><br \/><br \/><br \/><\/p>\n<p>10 mg<\/p>\n<\/td>\n<td>Der Tee aus einer in S&uuml;damerika beheimateten Pflanze ist eine gute Koffeinquelle und enth&auml;lt bioaktive Verbindungen wie Quercetin und Ursols&auml;ure. Antioxidans. Diuretikum (wird auch zum Sp&uuml;len der Harnwege und bei geringf&uuml;gigen Harnproblemen verwendet). Unterst&uuml;tzung beim Abnehmen. Tonikum (Verwendung bei k&ouml;rperlicher und geistiger M&uuml;digkeit). Beschleunigt den Stoffwechsel. Hypolipid&auml;misch. Topische Anwendung: Haarpflege, Duftstoff, Hautpflege.&nbsp;<\/td>\n<td>\/<\/td>\n<\/tr>\n<tr>\n<td>Kollagen-Hydrolysat <strong>(Fischkollagen)<\/strong><\/td>\n<td>7.000 mg<\/td>\n<td>Es enth&auml;lt Aminos&auml;uren, die als Haarbaustein verwendet werden k&ouml;nnen. Es hilft, Sch&auml;den an den Haarfollikeln zu verhindern. Es kann Haarausfall aufgrund von Alterung verhindern. Es kann helfen, das Ergrauen zu verlangsamen.<\/td>\n<td>\/<\/td>\n<\/tr>\n<\/tbody>\n<\/table><\/div>\n\n<div class=\"e61-24 x-text\" >\n  <p><strong>*RDA = empfohlene Tagesdosis gem&auml;&szlig; Verordnung (EU) Nr. 1169\/2011<\/strong><br \/><strong>Eigenschaften:<\/strong> 20-Tage-Programm (20 Dosen je 25 ml), Pfirsichgeschmack, zuckerfrei, trinkfertig, frei von Gluten, Milch, Soja<br \/><strong>Hilfsstoffe:<\/strong> Wasser als L&ouml;sungsmittel, aromatische Substanzen, Kaliumsorbat und Natriumbenzoat als Konservierungsmittel, Sucralose als S&uuml;&szlig;ungsmittel<\/p><\/div>\n<\/div>\n\n<div class=\"e61-25 x-column x-sm x-1-3\" >\n    \n<div class=\"e61-26 x-text x-text-headline\" >\n  <div class=\"x-text-content\"><div class=\"x-text-content-text\"><h2 class=\"x-text-content-text-primary\">Collagen36 Hair and Skin kann auch Ihnen helfen<\/h2><\/div><\/div><\/div>\n\n<div class=\"e61-27 x-text\" >\n  <p>Anwender, die das Sch&ouml;nheitselixier Collagen36 Hair and Skin regelm&auml;&szlig;ig verwenden, best&auml;tigen unabh&auml;ngig vom Geschlecht bereits nach 60 Tagen au&szlig;ergew&ouml;hnliche Ergebnisse.<\/p><\/div>\n<\/div>\n<\/div>\n  <\/div>\n<\/div>\n","protected":false},"excerpt":{"rendered":"<p>&nbsp; Wieder gl\u00e4nzendes, kr\u00e4ftiges und gesundes Haar Collagen36 Hair and Skin mit Ananasgeschmack ist das effektivste Kollagengetr\u00e4nk f\u00fcr Ihr Haar auf dem Markt! Dies ist das erste Kollagen mit wirklich gutem Geschmack und angenehmem Duft. Ohne Zucker, Gluten, Laktose und Spuren von Soja. Trinkfertig. &nbsp; Beschreibung Das Sch\u00f6nheitselixier Collagen36 Hair and Skin ist ein Nahrungserg\u00e4nzungsmittel mit hohem Gehalt an Fischkollagen, &#8230; <\/p>\n<div><a href=\"https:\/\/collagen36.com\/de\/hair-and-skin\/\" class=\"more-link\">Read More<\/a><\/div>\n","protected":false},"author":8,"featured_media":0,"parent":0,"menu_order":0,"comment_status":"closed","ping_status":"closed","template":"template-blank-4.php","meta":[],"yoast_head":"<!-- This site is optimized with the Yoast SEO plugin v15.7 - https:\/\/yoast.com\/wordpress\/plugins\/seo\/ -->\n<title>Collagen36 Hair and Skin - Wieder gl\u00e4nzendes, kr\u00e4ftiges und gesundes Haar<\/title>\n<meta name=\"description\" content=\"Collagen36 sorgt f\u00fcr ein jugendliches Aussehen - f\u00fcr gl\u00e4nzendes Haar, wurmige N\u00e4gel und eine glattere Haut. Es schmeckt gut und riecht gut.\" \/>\n<meta name=\"robots\" content=\"index, follow, max-snippet:-1, max-image-preview:large, max-video-preview:-1\" \/>\n<link rel=\"canonical\" href=\"https:\/\/collagen36.com\/de\/hair-and-skin\/\" \/>\n<meta property=\"og:locale\" content=\"de_DE\" \/>\n<meta property=\"og:type\" content=\"article\" \/>\n<meta property=\"og:title\" content=\"Collagen36 Hair and Skin - Wieder gl\u00e4nzendes, kr\u00e4ftiges und gesundes Haar\" \/>\n<meta property=\"og:description\" content=\"Collagen36 sorgt f\u00fcr ein jugendliches Aussehen - f\u00fcr gl\u00e4nzendes Haar, wurmige N\u00e4gel und eine glattere Haut. Es schmeckt gut und riecht gut.\" \/>\n<meta property=\"og:url\" content=\"https:\/\/collagen36.com\/de\/hair-and-skin\/\" \/>\n<meta property=\"og:site_name\" content=\"Collagen36\" \/>\n<meta property=\"article:modified_time\" content=\"2021-02-03T13:43:53+00:00\" \/>\n<meta property=\"og:image\" content=\"https:\/\/collagen36.com\/de\/wp-content\/uploads\/2019\/07\/collagen36_hairskin_product_big_v3.png\" \/>\n<meta name=\"twitter:card\" content=\"summary_large_image\" \/>\n<meta name=\"twitter:label1\" content=\"Gesch\u00e4tzte Lesezeit\">\n\t<meta name=\"twitter:data1\" content=\"4\u00a0Minuten\">\n<script type=\"application\/ld+json\" class=\"yoast-schema-graph\">{\"@context\":\"https:\/\/schema.org\",\"@graph\":[{\"@type\":\"WebSite\",\"@id\":\"https:\/\/collagen36.com\/de\/#website\",\"url\":\"https:\/\/collagen36.com\/de\/\",\"name\":\"Collagen36\",\"description\":\"Collagen\",\"potentialAction\":[{\"@type\":\"SearchAction\",\"target\":\"https:\/\/collagen36.com\/de\/?s={search_term_string}\",\"query-input\":\"required name=search_term_string\"}],\"inLanguage\":\"de\"},{\"@type\":\"ImageObject\",\"@id\":\"https:\/\/collagen36.com\/de\/hair-and-skin\/#primaryimage\",\"inLanguage\":\"de\",\"url\":\"https:\/\/collagen36.com\/de\/wp-content\/uploads\/2019\/07\/collagen36_hairskin_product_big_v3.png\",\"width\":824,\"height\":972},{\"@type\":\"WebPage\",\"@id\":\"https:\/\/collagen36.com\/de\/hair-and-skin\/#webpage\",\"url\":\"https:\/\/collagen36.com\/de\/hair-and-skin\/\",\"name\":\"Collagen36 Hair and Skin - Wieder gl\\u00e4nzendes, kr\\u00e4ftiges und gesundes Haar\",\"isPartOf\":{\"@id\":\"https:\/\/collagen36.com\/de\/#website\"},\"primaryImageOfPage\":{\"@id\":\"https:\/\/collagen36.com\/de\/hair-and-skin\/#primaryimage\"},\"datePublished\":\"2019-05-23T11:36:01+00:00\",\"dateModified\":\"2021-02-03T13:43:53+00:00\",\"description\":\"Collagen36 sorgt f\\u00fcr ein jugendliches Aussehen - f\\u00fcr gl\\u00e4nzendes Haar, wurmige N\\u00e4gel und eine glattere Haut. Es schmeckt gut und riecht gut.\",\"inLanguage\":\"de\",\"potentialAction\":[{\"@type\":\"ReadAction\",\"target\":[\"https:\/\/collagen36.com\/de\/hair-and-skin\/\"]}]}]}<\/script>\n<!-- \/ Yoast SEO plugin. -->","_links":{"self":[{"href":"https:\/\/collagen36.com\/de\/wp-json\/wp\/v2\/pages\/61"}],"collection":[{"href":"https:\/\/collagen36.com\/de\/wp-json\/wp\/v2\/pages"}],"about":[{"href":"https:\/\/collagen36.com\/de\/wp-json\/wp\/v2\/types\/page"}],"author":[{"embeddable":true,"href":"https:\/\/collagen36.com\/de\/wp-json\/wp\/v2\/users\/8"}],"replies":[{"embeddable":true,"href":"https:\/\/collagen36.com\/de\/wp-json\/wp\/v2\/comments?post=61"}],"version-history":[{"count":23,"href":"https:\/\/collagen36.com\/de\/wp-json\/wp\/v2\/pages\/61\/revisions"}],"predecessor-version":[{"id":702,"href":"https:\/\/collagen36.com\/de\/wp-json\/wp\/v2\/pages\/61\/revisions\/702"}],"wp:attachment":[{"href":"https:\/\/collagen36.com\/de\/wp-json\/wp\/v2\/media?parent=61"}],"curies":[{"name":"wp","href":"https:\/\/api.w.org\/{rel}","templated":true}]}}