{"id":75,"date":"2019-05-23T14:20:23","date_gmt":"2019-05-23T14:20:23","guid":{"rendered":"https:\/\/collagen36.com\/si\/?page_id=75"},"modified":"2021-02-03T14:44:28","modified_gmt":"2021-02-03T13:44:28","slug":"nails-and-skin","status":"publish","type":"page","link":"https:\/\/collagen36.com\/de\/nails-and-skin\/","title":{"rendered":"Collagen36 Nails and Skin"},"content":{"rendered":"<div id=\"cs-content\" class=\"cs-content\" >\n<div class=\"e75-1 x-section\" >\n      \n<div class=\"e75-2 x-container max width\" >\n    \n<div class=\"e75-3 x-column x-sm x-1-1\" >\n    &nbsp;<\/div>\n<\/div>\n  <\/div>\n\n<div class=\"e75-4 x-section\" >\n      \n<div class=\"e75-5 x-container max width\" >\n    \n<div class=\"e75-6 x-column x-sm x-1-2\" >\n    \n<span class=\"e75-7 x-image\" >\n  <img alt=\"Image\" src=\"https:\/\/collagen36.com\/de\/wp-content\/uploads\/2019\/07\/collagen36_nailskin_product_1_big_v3.png\" width=\"824\" height=\"972\" >\n<\/span>\n<\/div>\n\n<div class=\"e75-8 x-column x-sm x-1-2 productPageText\" >\n    \n<span class=\"e75-9 x-image\" >\n  <img alt=\"Image\" src=\"https:\/\/collagen36.com\/de\/wp-content\/uploads\/2019\/05\/nail_skinv2_big.png\" width=\"280\" height=\"40\" >\n<\/span>\n\n<div class=\"e75-10 x-text x-text-headline\" >\n  <div class=\"x-text-content\"><div class=\"x-text-content-text\"><h2 class=\"x-text-content-text-primary\">Gesunde und feste N&auml;gel wie nie zuvor<\/h2><\/div><\/div><\/div>\n\n<div class=\"e75-11 x-text\" >\n  <p>Collagen36 Nails and Skin mit Pfirsich- und Gr&uuml;ntee-Geschmack ist das einzige Kollagengetr&auml;nk auf dem Markt, das f&uuml;r eine&nbsp;<strong>optimale Wirkung auf N&auml;gel<\/strong> sorgt!<\/p>\n<p>Hervorragender Geschmack und angenehmer Duft.<\/p>\n<p>Ohne Zucker, Gluten, Laktose und Spuren von Soja. Trinkfertig.<\/p><\/div>\n<\/div>\n<\/div>\n  <\/div>\n\n<div class=\"e75-12 x-section\" >\n      \n<div class=\"e75-13 x-container max width\" >\n    \n<div class=\"e75-14 x-column x-sm x-1-1\" >\n    &nbsp;<\/div>\n<\/div>\n  <\/div>\n\n<div class=\"e75-15 x-section\" >\n      \n<div class=\"e75-16 x-container max width\" >\n    \n<div class=\"e75-17 x-column x-sm x-2-3\" >\n    \n<div class=\"e75-18 x-text x-text-headline\" >\n  <div class=\"x-text-content\"><div class=\"x-text-content-text\"><h2 class=\"x-text-content-text-primary\">Beschreibung<\/h2><\/div><\/div><\/div>\n\n<div class=\"e75-19 x-text\" >\n  <p>Das Sch&ouml;nheitselixier Collagen36 Nail and Skin ist ein Nahrungserg&auml;nzungsmittel mit hohem Gehalt an Fischkollagen und Zus&auml;tzen wie Hyalurons&auml;ure, Zink und Vitaminen. Die regelm&auml;&szlig;ige Anwendung des Elixiers Collagen36 Nails and Skin hemmt den nat&uuml;rlichen Alterungsprozess. Collagen36 Nails and Skin hilft Ihnen dabei, Ihr jugendliches Aussehen zu erhalten und Ihre N&auml;gel zu st&auml;rken. Regelm&auml;&szlig;ige Anwender des Elixiers Collagen36 Nails and Skin best&auml;tigen, dass sich auch ihre Haut glatter anf&uuml;hlt.<\/p>\n<p>Dies ist das erste Kollagen auf dem Markt, das f&uuml;r seinen angenehmen Duft und seinen wirklich gro&szlig;artigen Geschmack, den Geschmack von Pfirsich und Gr&uuml;ntee, bekannt ist.<\/p>\n<p>Collagen36 Nails and Skin ist ein Getr&auml;nk und trinkfertig. Es muss nicht gemischt werden. Es ist f&uuml;r alle geeignet, die Probleme bei der Einnahme von Kapseln und Tabletten haben.<\/p>\n<p>Frei von Zucker, Gluten, Laktose und Spuren von Soja.<\/p>\n<p>Das Sch&ouml;nheitselixier Collagen36 Nails and Skin ist in 500-ml-Flaschen in einem Karton verpackt. Eine Dosierkappe ist ebenfalls enthalten.<\/p><\/div>\n\n<div class=\"e75-20 x-text x-text-headline\" >\n  <div class=\"x-text-content\"><div class=\"x-text-content-text\"><h2 class=\"x-text-content-text-primary\">Anwendung<\/h2><\/div><\/div><\/div>\n\n<div class=\"e75-21 x-text\" >\n  <p>Die empfohlene Tagesdosis betr&auml;gt 25 Milliliter. Eine Flasche reicht 20 Tage.<\/p>\n<p>Die Packung enth&auml;lt eine 25-ml-Messkappe, die eine genaue Dosierung erm&ouml;glicht. Die Flasche muss vor Gebrauch gesch&uuml;ttelt werden.<\/p>\n<p>Genie&szlig;en Sie das Produkt morgens auf n&uuml;chternen Magen. Es wird empfohlen, nach der Einnahme des Elixiers mindestens eine halbe Stunde lang keine anderen Lebensmittel zu sich zu nehmen.<\/p>\n<p>Die besten Ergebnisse wurden von Anwendern best&auml;tigt, die die Verwendung des Sch&ouml;nheitselixiers Collagen36 Nails and Skin mindestens dreimal pro Woche mit regelm&auml;&szlig;igen Aerobic-&Uuml;bungen kombinieren, eine ausgewogene Ern&auml;hrung mit m&ouml;glichst wenig Zucker genie&szlig;en und ausreichend Wasser trinken.<\/p><\/div>\n\n<div class=\"e75-22 x-text x-text-headline\" >\n  <div class=\"x-text-content\"><div class=\"x-text-content-text\"><h2 class=\"x-text-content-text-primary\">N&auml;hrwert und Zutaten<\/h2><\/div><\/div><\/div>\n\n<div class=\"e75-23 x-text\" >\n  <table>\n<tbody>\n<tr>\n<td width=\"15%\"><strong>Zutat<\/strong><\/td>\n<td width=\"15%\"><strong>Konzentration<\/strong><\/td>\n<td width=\"40%\"><strong>Wirkung<\/strong><\/td>\n<td width=\"25%\"><strong>Gem&auml;&szlig; EFSA best&auml;tigte Angaben (in Bezug auf Haargesundheit)<\/strong><\/td>\n<\/tr>\n<tr>\n<td>Vitamin A (als Retinylpalmitat, ein &bdquo;Verwandter&ldquo; von Retinol)<\/td>\n<td>400 mcg (50 % RDA*)<\/td>\n<td>Vitamin A spielt eine Rolle bei der Zellspezialisierung, auch Differenzierung genannt &ndash; ein Prozess, bei dem sich weniger spezialisierte Zellen zu mehr spezialisierten Zellen entwickeln, um bestimmte Aufgaben zu erf&uuml;llen.<\/td>\n<td>Vitamin A spielt eine Rolle bei der Zellspezialisierung.<\/td>\n<\/tr>\n<tr>\n<td>Vitamin C<\/td>\n<td>120 mg (150 % RDA*)<\/td>\n<td>Vitamin C spielt eine Rolle bei der Produktion von Kollagen &ndash; einem Protein, das zahlreichen Geweben Form, St&auml;rke und Ganzheitlichkeit verleiht und ein wesentlicher Bestandteil der N&auml;gel ist.<\/td>\n<td>\/<\/td>\n<\/tr>\n<tr>\n<td>Zink<\/td>\n<td>2 mg (20 % RDA*)<\/td>\n<td>Zink ist f&uuml;r zahlreiche Reaktionen im menschlichen K&ouml;rper erforderlich, einschlie&szlig;lich Zellwachstum und Zellteilung. Eine unzureichende Aufnahme von Zink kann zu einer Degeneration der Nagelplatte f&uuml;hren, was zur Bildung wei&szlig;er Flecken auf den N&auml;geln f&uuml;hrt.<\/td>\n<td>Zink tr&auml;gt zur Erhaltung gesunder N&auml;gel bei.<\/td>\n<\/tr>\n<tr>\n<td>Biotin<\/td>\n<td>50 mcg (100 % RDA)*<\/td>\n<td>Biotin f&ouml;rdert ein gesundes Zellwachstum und hilft beim Stoffwechsel von Aminos&auml;uren &ndash; den Bausteinen von Proteinen, die f&uuml;r das Nagelwachstum essentiell sind. Biotin kann helfen, spr&ouml;de N&auml;gel zu st&auml;rken.<\/td>\n<td>\/<\/td>\n<\/tr>\n<tr>\n<td>\n<p>Gr&uuml;ntee-Extrakt, davon<\/p>\n<p>Koffein<\/p>\n<\/td>\n<td>200 mg<br \/><br \/><br \/>10 mg<\/td>\n<td>Antioxidans<\/td>\n<td>\/<\/td>\n<\/tr>\n<tr>\n<td>Hyalurons&auml;ure<\/td>\n<td>25 mg<\/td>\n<td>Versorgt die Haut mit Feuchtigkeit.<\/td>\n<td>\/<\/td>\n<\/tr>\n<tr>\n<td>Glycerin<\/td>\n<td>2,5 %<\/td>\n<td>Feuchthaltemittel bei topischer Anwendung \/ L&ouml;sungsmittel, S&uuml;&szlig;ungsmittel, Feuchthaltemittel f&uuml;r Lebensmittel.<\/td>\n<td>\/<\/td>\n<\/tr>\n<tr>\n<td>Zitronens&auml;ure<\/td>\n<td>0,2&ndash;0,3 %<\/td>\n<td>F&ouml;rdert die Abschilferung der Haut und das Zellwachstum, wenn sie topisch verwendet wird \/ S&auml;ureregulator in Lebensmitteln.<\/td>\n<td>\/<\/td>\n<\/tr>\n<tr>\n<td>Kollagen-Hydrolysat (<strong>Fischkollagen<\/strong>)<\/td>\n<td>7.000 mg<\/td>\n<td>Es enth&auml;lt Aminos&auml;uren, die als Baustein f&uuml;r N&auml;gel verwendet werden k&ouml;nnen. Reduziert die Br&uuml;chigkeit der N&auml;gel. Es beschleunigt das Wachstum der N&auml;gel und verbessert ihr Aussehen.<\/td>\n<td>\/<\/td>\n<\/tr>\n<\/tbody>\n<\/table><\/div>\n\n<div class=\"e75-24 x-text\" >\n  <p><strong>*RDA = empfohlene Tagesdosis gem&auml;&szlig; Verordnung (EU) Nr. 1169\/2011<\/strong><br \/><strong>Eigenschaften:<\/strong> 20-Tage-Programm (20 Dosen je 25 ml), Ananasgeschmack, zuckerfrei, trinkfertig, frei von Gluten, Milch, Soja<br \/><strong>Hilfsstoffe:<\/strong> Wasser als L&ouml;sungsmittel, aromatische Substanzen, S&auml;uren: Apfels&auml;ure, Zitronens&auml;ure, Kaliumsorbat und Natriumbenzoat als Konservierungsmittel, Sucralose als S&uuml;&szlig;ungsmittel<\/p><\/div>\n<\/div>\n\n<div class=\"e75-25 x-column x-sm x-1-3\" >\n    \n<div class=\"e75-26 x-text x-text-headline\" >\n  <div class=\"x-text-content\"><div class=\"x-text-content-text\"><h2 class=\"x-text-content-text-primary\">Collagen36 Nails and Skin kann auch Ihnen helfen<\/h2><\/div><\/div><\/div>\n\n<div class=\"e75-27 x-text\" >\n  <p>Die Anwender, die das Sch&ouml;nheitselixier Collagen36 Nails and Skin regelm&auml;&szlig;ig verwenden, best&auml;tigen unabh&auml;ngig vom Geschlecht bereits nach 60 Tagen au&szlig;ergew&ouml;hnliche Ergebnisse.<\/p><\/div>\n<\/div>\n<\/div>\n  <\/div>\n<\/div>\n","protected":false},"excerpt":{"rendered":"<p>&nbsp; Gesunde und feste N\u00e4gel wie nie zuvor Collagen36 Nails and Skin mit Pfirsich- und Gr\u00fcntee-Geschmack ist das einzige Kollagengetr\u00e4nk auf dem Markt, das f\u00fcr eine&nbsp;optimale Wirkung auf N\u00e4gel sorgt! Hervorragender Geschmack und angenehmer Duft. Ohne Zucker, Gluten, Laktose und Spuren von Soja. Trinkfertig. &nbsp; Beschreibung Das Sch\u00f6nheitselixier Collagen36 Nail and Skin ist ein Nahrungserg\u00e4nzungsmittel mit hohem Gehalt an Fischkollagen &#8230; <\/p>\n<div><a href=\"https:\/\/collagen36.com\/de\/nails-and-skin\/\" class=\"more-link\">Read More<\/a><\/div>\n","protected":false},"author":8,"featured_media":0,"parent":0,"menu_order":0,"comment_status":"closed","ping_status":"closed","template":"template-blank-4.php","meta":[],"yoast_head":"<!-- This site is optimized with the Yoast SEO plugin v15.7 - https:\/\/yoast.com\/wordpress\/plugins\/seo\/ -->\n<title>Collagen36 Nails and Skin - Gesunde und feste N\u00e4gel wie nie zuvor<\/title>\n<meta name=\"description\" content=\"Collagen36 sorgt f\u00fcr ein jugendliches Aussehen - f\u00fcr gl\u00e4nzendes Haar, wurmige N\u00e4gel und eine glattere Haut. Es schmeckt gut und riecht gut.\" \/>\n<meta name=\"robots\" content=\"index, follow, max-snippet:-1, max-image-preview:large, max-video-preview:-1\" \/>\n<link rel=\"canonical\" href=\"https:\/\/collagen36.com\/de\/nails-and-skin\/\" \/>\n<meta property=\"og:locale\" content=\"de_DE\" \/>\n<meta property=\"og:type\" content=\"article\" \/>\n<meta property=\"og:title\" content=\"Collagen36 Nails and Skin - Gesunde und feste N\u00e4gel wie nie zuvor\" \/>\n<meta property=\"og:description\" content=\"Collagen36 sorgt f\u00fcr ein jugendliches Aussehen - f\u00fcr gl\u00e4nzendes Haar, wurmige N\u00e4gel und eine glattere Haut. Es schmeckt gut und riecht gut.\" \/>\n<meta property=\"og:url\" content=\"https:\/\/collagen36.com\/de\/nails-and-skin\/\" \/>\n<meta property=\"og:site_name\" content=\"Collagen36\" \/>\n<meta property=\"article:modified_time\" content=\"2021-02-03T13:44:28+00:00\" \/>\n<meta property=\"og:image\" content=\"https:\/\/collagen36.com\/de\/wp-content\/uploads\/2019\/07\/collagen36_nailskin_product_1_big_v3.png\" \/>\n<meta name=\"twitter:card\" content=\"summary_large_image\" \/>\n<meta name=\"twitter:label1\" content=\"Gesch\u00e4tzte Lesezeit\">\n\t<meta name=\"twitter:data1\" content=\"4\u00a0Minuten\">\n<script type=\"application\/ld+json\" class=\"yoast-schema-graph\">{\"@context\":\"https:\/\/schema.org\",\"@graph\":[{\"@type\":\"WebSite\",\"@id\":\"https:\/\/collagen36.com\/de\/#website\",\"url\":\"https:\/\/collagen36.com\/de\/\",\"name\":\"Collagen36\",\"description\":\"Collagen\",\"potentialAction\":[{\"@type\":\"SearchAction\",\"target\":\"https:\/\/collagen36.com\/de\/?s={search_term_string}\",\"query-input\":\"required name=search_term_string\"}],\"inLanguage\":\"de\"},{\"@type\":\"ImageObject\",\"@id\":\"https:\/\/collagen36.com\/de\/nails-and-skin\/#primaryimage\",\"inLanguage\":\"de\",\"url\":\"https:\/\/collagen36.com\/de\/wp-content\/uploads\/2019\/07\/collagen36_nailskin_product_1_big_v3.png\",\"width\":824,\"height\":972},{\"@type\":\"WebPage\",\"@id\":\"https:\/\/collagen36.com\/de\/nails-and-skin\/#webpage\",\"url\":\"https:\/\/collagen36.com\/de\/nails-and-skin\/\",\"name\":\"Collagen36 Nails and Skin - Gesunde und feste N\\u00e4gel wie nie zuvor\",\"isPartOf\":{\"@id\":\"https:\/\/collagen36.com\/de\/#website\"},\"primaryImageOfPage\":{\"@id\":\"https:\/\/collagen36.com\/de\/nails-and-skin\/#primaryimage\"},\"datePublished\":\"2019-05-23T14:20:23+00:00\",\"dateModified\":\"2021-02-03T13:44:28+00:00\",\"description\":\"Collagen36 sorgt f\\u00fcr ein jugendliches Aussehen - f\\u00fcr gl\\u00e4nzendes Haar, wurmige N\\u00e4gel und eine glattere Haut. Es schmeckt gut und riecht gut.\",\"inLanguage\":\"de\",\"potentialAction\":[{\"@type\":\"ReadAction\",\"target\":[\"https:\/\/collagen36.com\/de\/nails-and-skin\/\"]}]}]}<\/script>\n<!-- \/ Yoast SEO plugin. -->","_links":{"self":[{"href":"https:\/\/collagen36.com\/de\/wp-json\/wp\/v2\/pages\/75"}],"collection":[{"href":"https:\/\/collagen36.com\/de\/wp-json\/wp\/v2\/pages"}],"about":[{"href":"https:\/\/collagen36.com\/de\/wp-json\/wp\/v2\/types\/page"}],"author":[{"embeddable":true,"href":"https:\/\/collagen36.com\/de\/wp-json\/wp\/v2\/users\/8"}],"replies":[{"embeddable":true,"href":"https:\/\/collagen36.com\/de\/wp-json\/wp\/v2\/comments?post=75"}],"version-history":[{"count":18,"href":"https:\/\/collagen36.com\/de\/wp-json\/wp\/v2\/pages\/75\/revisions"}],"predecessor-version":[{"id":703,"href":"https:\/\/collagen36.com\/de\/wp-json\/wp\/v2\/pages\/75\/revisions\/703"}],"wp:attachment":[{"href":"https:\/\/collagen36.com\/de\/wp-json\/wp\/v2\/media?parent=75"}],"curies":[{"name":"wp","href":"https:\/\/api.w.org\/{rel}","templated":true}]}}