{"id":149,"date":"2019-05-29T12:24:31","date_gmt":"2019-05-29T12:24:31","guid":{"rendered":"https:\/\/collagen36.com\/si\/?page_id=149"},"modified":"2019-07-19T08:09:47","modified_gmt":"2019-07-19T08:09:47","slug":"piskotki","status":"publish","type":"page","link":"https:\/\/collagen36.com\/si\/piskotki\/","title":{"rendered":"Pi\u0161kotki"},"content":{"rendered":"\n<h2>Pravna obvestila<\/h2>\n\n\n\n<p>Vse vsebine, objavljene na&nbsp;<a href=\"http:\/\/www.collagen36.com\/\">www.collagen36.com\/<\/a>, so last dru\u017ebe Pinal, d. o. o., in se lahko uporabljajo le v nekomercialne namene. Brez dovoljenja Pinal, d. o. o., se jih ne sme kopirati, razmno\u017eevati ali distribuirati na kakr\u0161en koli drug na\u010din. Dru\u017eba Pinal, d. o. o., ni odgovorna za morebitne ob\u010dasne te\u017eave pri delovanju spletne strani www.collagenblue.com, morebitno neto\u010dnost informacij in tudi ne za morebitno \u0161kodo, nastalo zaradi uporabe neto\u010dnih ali nepopolnih informacij. Pinal, d. o. o., si pridr\u017euje pravico do sprememb vsebin, objavljenih na spletni strani <a href=\"http:\/\/www.collagen36.com\/\">www.collagen36.com\/<\/a><\/p>\n\n\n\n<p>Va\u0161e podatke bomo uporabili\nizklju\u010dno za obvestila, povezana z na\u0161o dejavnostjo, in javnosti ne bodo\ndostopni. Zbrane osebne podatke bomo varovali v skladu z ZVOP-1.<\/p>\n\n\n\n<p>Spletna stran <a href=\"http:\/\/www.collagen36.com\/\">www.collagen36.com\/<\/a> za delovanje strani uporablja pi\u0161kotke, ki ne hranijo osebnih podatkov, spremljajo pa va\u0161e aktivnosti in zanimanje z namenom zagotavljanja bolj\u0161e uporabni\u0161ke izku\u0161nje. Z uporabo spletne strani obiskovalci sogla\u0161ajo z njihovo uporabo.<\/p>\n\n\n\n<h2>O pi\u0161kotkih<\/h2>\n\n\n\n<p>Pi\u0161kotki niso ni\u010d novega, vsi\nobiskovalci spletnih strani imamo na svojih ra\u010dunalnikih, tablicah, mobitelih\nshranjenih \u017ee veliko pi\u0161kotkov z razli\u010dnih spletnih strani. Novo je zgolj to,\nda je z novo zakonodajo (ZEKom-1) pri\u0161lo do sprememb glede obve\u0161\u010danja oz.\nsogla\u0161anja obiskovalcev z njihovo uporabo.<\/p>\n\n\n\n<h3>Kaj so pi\u0161kotki?<\/h3>\n\n\n\n<p>So male besedilne datoteke, ki\njih ve\u010dina spletnih mest shrani v naprave, s katerimi uporabniki dostopajo do\ninterneta z namenom prepoznavanja posameznih naprav, ki so jih uporabniki\nuporabili pri dostopu. Njihovo shranjevanje je pod popolnim nadzorom brskalnika,\nki ga ima uporabnik \u2013 ta lahko shranjevanje pi\u0161kotkov po \u017eelji omeji ali\nonemogo\u010di. Pi\u0161kotki niso \u0161kodljivi in so vedno \u010dasovno omejeni.<\/p>\n\n\n\n<h3>Zakaj so pi\u0161kotki potrebni?<\/h3>\n\n\n\n<p>So temeljnega pomena za\nzagotavljanje uporabniku prijaznih spletnih storitev. Interakcija med spletnim\nuporabnikom in spletnim mestom je s pomo\u010djo pi\u0161kotkov hitrej\u0161a in enostavnej\u0161a.\nZ njihovo pomo\u010djo si spletno mesto zapomni posameznikove preference in\nizku\u0161nje, s tem je prihranjen \u010das, brskanje po spletnih mestih pa bolj\nu\u010dinkovito in prijazno.<\/p>\n\n\n\n<h3>Nekaj konkretnih primerov uporabe pi\u0161kotkov:<\/h3>\n\n\n\n<ul><li>za\nbolj\u0161o uporabni\u0161ko izku\u0161njo spletne strani obiskovalcem prilagodimo prikaz\nvsebine glede na pretekle obiske,<\/li><li>za\nshranjevanje izbire pri ustvarjanju o\u017ejega izbora naprav in ponudbe ter njihove\nprimerjave,<\/li><li>na\ndelih spletnih mestih, kjer je potrebna prijava, vas ohranimo prijavljene,<\/li><li>za\nprepoznavanje va\u0161e naprave (ra\u010dunalnik, tablica, mobitel), ki omogo\u010da\nprilagajanje prikaza vsebine va\u0161i napravi,<\/li><li>za\nspremljanje obiska, kar omogo\u010da preverjanje u\u010dinkovitosti prikaza vsebin in\nustreznosti oglasov ter stalno izbolj\u0161avo spletnih strani,<\/li><li>za\ndelovanje dolo\u010denih storitev so nujni (npr. spletne banke, spletne trgovine in\ndruge oblike e-poslovanja).<\/li><\/ul>\n\n\n\n<p><strong>Pi\u0161kotki spletnega\nmesta&nbsp;<\/strong><a href=\"http:\/\/www.collagen36.com\"><strong>www.collagen36.com<\/strong><\/a><\/p>\n\n\n\n<table><thead><tr><td width=\"10%\">\n   <strong>Ime pi\u0161kotka<\/strong>\n   <\/td><td width=\"40%\">\n   <strong>Namen<\/strong>\n   <\/td><td width=\"25%\">\n   <strong>Trajanje pi\u0161kotka<\/strong>\n   <\/td><td width=\"25%\">\n   <strong>Podjetje<\/strong>\n   <\/td><\/tr><\/thead><tbody><tr><td>\n  _ga\n  <\/td><td>\n  Uporablja se za izra\u010dun podatkov o obisku na\u0161ega spletnega\n  mesta.\n  &nbsp;\n  <\/td><td>\n  2 leti\n  <\/td><td>\n  Google Inc.\n  <\/td><\/tr><tr><td>\n  _gid\n  <\/td><td>\n  Uporablja se za izra\u010dun podatkov o obisku na\u0161ega spletnega\n  mesta.\n  &nbsp;\n  <\/td><td>\n  24 hours\n  <\/td><td>\n  Google Inc.\n  <\/td><\/tr><tr><td>\n  _gat\n  <\/td><td>\n  Pi\u0161kotek se uporablja za omejevanje pogostosti zadetkov.\n  <\/td><td>\n  10 minutes\n  <\/td><td>\n  Google Inc.\n  <\/td><\/tr><tr><td>\n  Mautic cookies\n  (\u201cmautic_refer_id, mautic_session_id, mautic_session_name, mautic_device_id,\n  mtc_id, mtc_sid\u201d)\n  <\/td><td>\n  Mautic je marketin\u0161ko orodje za\n  po\u0161iljanje e-po\u0161te, pridobivanje in obdelovanje kontaktnih podatkov ter\n  identifikacijo obiskovalcev. S pomo\u010djo Mautica, na\u0161e stranke lahko obve\u0161\u010damo\n  o novostih na na\u0161i spletni strani in prilagodimo vsebino zanimivo njim.\n  <\/td><td>\n  2 leti\n  <\/td><td>\n  Mautic\n  <\/td><\/tr><tr><td>\n  cookieconsent_status\n  <\/td><td>\n  Pi\u0161kotek, ki zabele\u017ei zaprtje\n  obvestila o pi\u0161kotkih, hrani vrednost &#8220;dismiss\u201d.\n  <\/td><td>\n  1 leto\n  <\/td><td>\n  Pinal d.o.o.\n  <\/td><\/tr><tr><td>\n  _hjIncludedInSample\n  <\/td><td>\n  Hot Jar slu\u017ei za analitiko obiskov spletne strani.\n  <\/td><td>\n  365 dni&nbsp;\n  <\/td><td>\n  Hotjar\n  <\/td><\/tr><tr><td>\n  _fbp\n  <\/td><td>\n  Uporablja ga Facebook za dostavo niza\n  oglasov, kot so ponudbe v realnem \u010dasu od tretjih ogla\u0161evalcev.\n  &nbsp;\n  <\/td><td>\n  Seja\n  <\/td><td>\n  Facebook\n  <\/td><\/tr><\/tbody><\/table>\n","protected":false},"excerpt":{"rendered":"<p>Pravna obvestila Vse vsebine, objavljene na&nbsp;www.collagen36.com\/, so last dru\u017ebe Pinal, d. o. o., in se lahko uporabljajo le v nekomercialne namene. Brez dovoljenja Pinal, d. o. o., se jih ne sme kopirati, razmno\u017eevati ali distribuirati na kakr\u0161en koli drug na\u010din. Dru\u017eba Pinal, d. o. o., ni odgovorna za morebitne ob\u010dasne te\u017eave pri delovanju spletne strani www.collagenblue.com, morebitno neto\u010dnost informacij in &#8230; <\/p>\n<div><a href=\"https:\/\/collagen36.com\/si\/piskotki\/\" class=\"more-link\">Read More<\/a><\/div>\n","protected":false},"author":8,"featured_media":0,"parent":0,"menu_order":0,"comment_status":"closed","ping_status":"closed","template":"","meta":[],"_links":{"self":[{"href":"https:\/\/collagen36.com\/si\/wp-json\/wp\/v2\/pages\/149"}],"collection":[{"href":"https:\/\/collagen36.com\/si\/wp-json\/wp\/v2\/pages"}],"about":[{"href":"https:\/\/collagen36.com\/si\/wp-json\/wp\/v2\/types\/page"}],"author":[{"embeddable":true,"href":"https:\/\/collagen36.com\/si\/wp-json\/wp\/v2\/users\/8"}],"replies":[{"embeddable":true,"href":"https:\/\/collagen36.com\/si\/wp-json\/wp\/v2\/comments?post=149"}],"version-history":[{"count":8,"href":"https:\/\/collagen36.com\/si\/wp-json\/wp\/v2\/pages\/149\/revisions"}],"predecessor-version":[{"id":171,"href":"https:\/\/collagen36.com\/si\/wp-json\/wp\/v2\/pages\/149\/revisions\/171"}],"wp:attachment":[{"href":"https:\/\/collagen36.com\/si\/wp-json\/wp\/v2\/media?parent=149"}],"curies":[{"name":"wp","href":"https:\/\/api.w.org\/{rel}","templated":true}]}}