{"id":153,"date":"2019-05-29T12:29:47","date_gmt":"2019-05-29T12:29:47","guid":{"rendered":"https:\/\/collagen36.com\/si\/?page_id=153"},"modified":"2019-09-10T09:29:47","modified_gmt":"2019-09-10T09:29:47","slug":"politika-varstva-osebnih-podatkov","status":"publish","type":"page","link":"https:\/\/collagen36.com\/si\/politika-varstva-osebnih-podatkov\/","title":{"rendered":"Politika varstva osebnih podatkov"},"content":{"rendered":"\n<h3>Vsebina:<\/h3>\n\n\n\n<ol><li><a href=\"#uvodno\">Uvodno<\/a><\/li><li><a href=\"#podatkiUpravljalca\">Podatki o upravljavcu in osebi,\npoobla\u0161\u010deni za varstvo podatkov<\/a><\/li><li><a href=\"#osebniPodatki\">Osebni podatki<\/a><\/li><li><a href=\"#namen\">Podlage za obdelavo in nameni obdelave<\/a><\/li><li><a href=\"#uporabnikiOsebnihPodatkov\">Uporabniki osebnih podatkov, pogodbena\nobdelava in posredovanje podatkov v tretje dr\u017eave (dr\u017eave, ki niso \u010dlanice\nEvropske unije ali Evropskega gospodarskega prostora)<\/a><\/li><li><a href=\"#casHrambe\">\u010cas hrambe osebnih podatkov<\/a><\/li><li><a href=\"#varnostOsebnihPodatkov\">Skrb za varnost osebnih podatkov<\/a><\/li><li><a href=\"#pravice\">Pravice uporabnikov v zvezi z varstvom\nosebnih podatkov<\/a><\/li><li><a href=\"#postopekUveljavljanja\">Postopek uveljavljanja pravic<\/a><\/li><li><a href=\"#pravicaDoPrito%C5%BEbe\">Pravica do vlo\u017eitve prito\u017ebe v zvezi z\nobdelovanjem osebnih podatkov<\/a><\/li><li><a href=\"#veljavnostPolitike\">Veljavnost Politike<\/a><\/li><\/ol>\n\n\n\n<a name=\"uvodno\"><\/a>\n\n\n\n<h2>1.&nbsp;&nbsp;&nbsp;&nbsp;Uvodno<\/h2>\n\n\n\n<p>V podjetju Pinal d.o.o., Savska loka\n20, 4000 Kranj (v\nnadaljevanju: \u201cPinal\u201d ali \u201cupravljavec\u201d) se zavedamo odgovornosti ravnanja z\nosebnimi podatki svojih strank, potencialnih strank, obiskovalcev spletnih mest\ncollagen36.com ter vseh posameznikov, ki nam ob stiku razkrijejo osebne podatke\n(v nadaljevanju: \u201cuporabniki\u201d), zato sprejemamo to Politiko varstva osebnih\npodatkov (v nadaljevanju: \u201cPolitika), s katero svoje uporabnike na pregleden,\nrazumljiv in preprost na\u010din seznanjamo z nameni, pravno podlago obdelave\nnjihovih osebnih podatkov in pravicami v zvezi z obdelavo, kot so jim te\nzagotovljene z Zakonom o varstvu osebnih podatkov (ZVOP-1, Ur. l.&nbsp;RS, \u0161t.\n94\/2007) in Uredbo (EU) 2016\/679 Evropskega parlamenta in Sveta z dne 27. aprila\n2016 o varstvu posameznikov pri obdelavi osebnih podatkov in o prostem pretoku\ntakih podatkov ter o razveljavitvi Direktive 95\/46\/ES (v nadaljevanju: \u201cSplo\u0161na\nuredba o varstvu podatkov\u201d).<\/p>\n\n\n\n<p>Izrazi, kot so \u00bbupravljavec\u00ab,\n\u00bbobdelava\u00ab, \u00bbomejitev obdelave\u00ab, \u00bbobdelovalec\u00ab, \u00bboblikovanje profilov\u00ab,\n\u00bbpsevdomizacija\u00ab, \u00bbtretja oseba\u00ab in \u00bbpodjetje\u00ab, uporabljeni v tej Politiki,\nimajo pomen, kot ga dolo\u010da Splo\u0161na uredba o varstvu osebnih podatkov.<\/p>\n\n\n\n<p>Politika skladno s Splo\u0161no\nuredbo o varstvu osebnih podatkov ureja naslednja podro\u010dja:<\/p>\n\n\n\n<ul><li>kontaktne\ninformacije upravljavca in kontakt poobla\u0161\u010dene osebe za varstvo podatkov,<\/li><li>namene\nin pravne podlage za obdelavo razli\u010dnih vrst osebnih podatkov uporabnikov,\nvklju\u010dno s profiliranjem osebnih podatkov uporabnikov,<\/li><li>uporabnike\nosebnih podatkov, pogodbeno obdelavo in posredovanje podatkov v tretje dr\u017eave,<\/li><li>\u010das\nhrambe posameznih vrst osebnih podatkov,<\/li><li>skrb\nza varnost osebnih podatkov,<\/li><li>pravice\nuporabnikov v zvezi z obdelavo osebnih podatkov,<\/li><li>postopek\nuveljavljanja uporabnikovih pravic v zvezi z obdelavo osebnih podatkov,<\/li><li>pravico\ndo vlo\u017eitve prito\u017ebe v zvezi z obdelavo osebnih podatkov.<\/li><\/ul>\n\n\n\n<a name=\"podatkiUpravljalca\"><\/a>\n\n\n\n<h2>2.&nbsp;&nbsp;&nbsp;&nbsp;Podatki\no upravljavcu in osebi, poobla\u0161\u010deni za varstvo podatkov<\/h2>\n\n\n\n<p>Upravljavec osebnih podatkov\nuporabnikov je podjetje Pinal d.o.o., Savska loka 20, 4000 Kranj . V podjetju\nje imenovana poobla\u0161\u010dena oseba za varstvo osebnih podatkov, ki je dosegljiva na\nelektronskem naslovu&nbsp;<a href=\"mailto:4U@collagen36.com\">4U@collagen36.com<\/a>. <\/p>\n\n\n\n<a name=\"osebniPodatki\"><\/a>\n\n\n\n<h2>3.&nbsp;&nbsp;&nbsp;&nbsp;Osebni\npodatki<\/h2>\n\n\n\n<p>Osebni podatek je informacija,\nki vas identificira kot dolo\u010denega ali dolo\u010dljivega posameznika. Uporabnik je\ndolo\u010dljiv takrat, ko ga je mogo\u010de neposredno ali posredno dolo\u010diti, zlasti z\nnavedbo identifikatorja, kot je ime, identifikacijska \u0161tevilka, podatki o\nlokaciji, spletni identifikator, ali z navedbo enega ali ve\u010d dejavnikov, ki so\nzna\u010dilni za uporabnikovo fizi\u010dno, fiziolo\u0161ko, genetsko, du\u0161evno, gospodarsko,\nkulturno ali dru\u017ebeno identiteto. Upravljavec skladno z nameni, opredeljenimi v\nnadaljevanju Politike, zbira naslednje osebne podatke:<\/p>\n\n\n\n<ul><li>osnovne\npodatke o uporabniku (ime in priimek, naziv, delovno mesto in drugi podatki o\ndelodajalcu),<\/li><li>kontaktne\npodatke in podatke o uporabnikovi komunikaciji z upravljavcem (e-po\u0161tni naslov\n(email), telefonska \u0161tevilka, datum, ura in vsebina po\u0161tne ali email\nkomunikacije, datum, ura in trajanje telefonskih klicev),<\/li><li>kanal\nin kampanjo \u2013 na\u010din pridobitve uporabnika oziroma vir, preko katerega je\nuporabnik pri\u0161el v stik z upravljalcem (spletna stran in oglasna kampanja\noziroma akcija),<\/li><li>podatke\no uporabnikovi uporabi spletnega mesta upravljavca (datumi in ure obiskov\nspletnega mesta, obiskane strani oz. URL-ji, \u010das zadr\u017eevanja na posamezni\nstrani, \u0161tevilo obiskanih strani, skupni \u010das obiska spletnega mesta, opravljene\nnastavitve na spletnem mestu) ter podatki o uporabi prejetih sporo\u010dil (e-po\u0161ta,\nSMS) upravljavca,<\/li><li>podatke\niz prostovoljno izpolnjenih obrazcev s strani uporabnika, npr. v okviru\nnagradnih iger,<\/li><li>druge\npodatke, ki jih uporabnik prostovoljno poda upravljavcu ob zahtevi na dolo\u010dene\nstoritve, ki te podatke zahtevajo.<\/li><\/ul>\n\n\n\n<p>Upravljavec ne zbira in ne\nobdeluje uporabnikovih osebnih podatkov, razen kadar mu ta to omogo\u010di oz. v to\nprivoli, tj. ob naro\u010dilu izdelkov ali storitev, ko se naro\u010di na prejemanje\ne-novic, sodeluje v nagradni igri itd., kadar za zbiranje osebnih podatkov\nobstaja zakonska podlaga, je obdelava potrebna za izvr\u0161evanje pogodbenih\nobveznosti ali kadar je obdelava potrebna zaradi zakonitih interesov, za katere\nsi prizadeva upravljavec (v nadaljevanju: \u201czakonit interes\u201d).<\/p>\n\n\n\n<a name=\"namen\"><\/a>\n\n\n\n<h2>4.&nbsp;&nbsp;&nbsp;&nbsp;Podlage\nza obdelavo in nameni obdelave<\/h2>\n\n\n\n<p>Pinal bo obdeloval va\u0161e\nosebne podatke za enega izmed v nadaljevanju navedenih namenov na podlagi\nnaslednjih pravnih podlag:<\/p>\n\n\n\n<ul><li>va\u0161e\nsoglasje oziroma privolitev,<\/li><li>izpolnitev\nzakonskih obveznosti upravljavca,<\/li><li>na\npodlagi zakonitega interesa,<\/li><li>izpolnjevanje\npogodbene obveznosti.<\/li><\/ul>\n\n\n\n<p>Va\u0161e osebne podatke bo Pinal\nobdeloval zgolj za namene, za katere jih je pridobil in jih ne bo obdeloval za\nnamene, ki niso zdru\u017eljivi z nameni, za katere so bili zbrani. Pinal od\nuporabnika zbira zgolj tiste osebne podatke, ki so nujno potrebni za dosego\nposameznega namena.<\/p>\n\n\n\n<h3>Obdelava za izpolnitev pogodbenih obveznosti<\/h3>\n\n\n\n<p>V dolo\u010denih primerih je\nobdelava osebnih podatkov nujno potrebna za izpolnitev upravljav\u010devih\npogodbenih obveznosti. V primeru, da mu uporabnik potrebnih podatkov ne\nzagotovi, upravljavec z uporabnikom ne more skleniti pogodbe oziroma izvesti\nstoritev.<\/p>\n\n\n\n<h3>Obdelava na podlagi soglasja oziroma privolitve<\/h3>\n\n\n\n<p>Pinal bo na podlagi va\u0161ega\npisnega soglasja obdeloval va\u0161e osebne podatke za naslednje namene:<\/p>\n\n\n\n<ul><li>za po\u0161iljanje e-po\u0161tnih sporo\u010dil (emailov) z namenom obve\u0161\u010danja o izobra\u017eevanjih, novostih (v standardih in v publikacijah), storitvah kot tudi dogodkih pri upravljavcu,<\/li><li>za kontaktiranje po telefonu,<\/li><li>za kori\u0161\u010denje bona za 10 EUR dobroimetja za storitve salona,<\/li><li>za objavo v strokovnih medijih in na spletnih straneh z osnovnim namenom promoviranja uporabnika in njegovega delodajalca,<\/li><li>za spremljanje branja poslanih e-po\u0161tnih sporo\u010dil, in sicer katero e-po\u0161tno sporo\u010dilo ste odprli oziroma niste odprli, katere povezave ste odprli oziroma kliknili (katere vsebine ste brali oziroma si jih ogledovali), koliko \u010dasa ste jih brali ali si ogledovali posamezno vsebino,<\/li><li>za segmentiranje uporabnikov na podlagi dejstev iz prej\u0161nje alineje in nadaljnje po\u0161iljanje prilagojenih (individualiziranih) e-po\u0161tnih sporo\u010dil, kar pomeni, da lahko razli\u010dni uporabniki prejemajo e-po\u0161tna sporo\u010dila z razli\u010dno vsebino z namenom bolj\u0161ega (bolj relevantnega) obve\u0161\u010danja in doseganja vi\u0161je stopnje odzivnosti na poslana e-po\u0161tna sporo\u010dila,<\/li><li>za namene analize \u017eivljenjske poti uporabnika na spletni strani: od kod je uporabnik prispel na spletno mesto (vir prometa), za spremljanje zadr\u017eevanja na spletni strani, katere spletne strani je obiskoval, katere vsebine je prenesel oziroma si jih ogledal,<\/li><li>za vse druge namene, za katere se specifi\u010dno strinjate pri sodelovanju z upravljavcem.<\/li><\/ul>\n\n\n\n<p>V vseh primerih, ko podate\nprivolitev za obdelavo va\u0161ih osebnih podatkov, lahko to privolitev kadarkoli\nprekli\u010dete prek e-naslova&nbsp;4U@collagen36.com.<\/p>\n\n\n\n<h3>Obdelava je potrebna za izpolnitev zakonskih obveznosti <\/h3>\n\n\n\n<p>Va\u0161e osebne podatke\nobdelujemo tudi takrat, ko to od nas zahteva zakon. Primer namena take obdelave\nje obdelava va\u0161ih osebnih podatkov za potrebe sodnih ali upravnih postopkov.<\/p>\n\n\n\n<h3>Obdelava na podlagi zakonitega interesa, za katerega si\nprizadeva Pinal<\/h3>\n\n\n\n<p>Upravljavec lahko podatke\nobdeluje tudi na podlagi zakonitega interesa, razen kadar nad takimi interesi\nprevladajo interesi ali temeljne pravice in svobo\u0161\u010dine uporabnika, na katerega\nse nana\u0161ajo osebni podatki, ki zahtevajo varstvo osebnih podatkov. V primeru\nuporabe zakonitega interesa upravljavec vedno opravi presojo skladno s Splo\u0161no\nuredbo o varstvu podatkov.<\/p>\n\n\n\n<p>V dolo\u010denih primerih bo lahko\nPinal za nadaljnjo obdelavo va\u0161ih osebnih podatkov na podlagi zakonitega\ninteresa, zbranih na podlagi ene izmed zgoraj navedenih pravnih podlag\n(privolitve, pogodba), sprejel dolo\u010dene varovalke za varstvo va\u0161ih osebnih\npodatkov, kot so psevdomizacija, kriptiranje, obdelava v agregirani obliki\nali\/in brisanje dolo\u010denih vrst osebnih podatkov.<\/p>\n\n\n\n<p>Pinal bo va\u0161e osebne podatke\nna podlagi zakonitega interesa obdeloval za naslednje namene:<\/p>\n\n\n\n<ul><li>Tr\u017eenjske, poslovne in druge tehni\u010dne analize.<\/li><li>Prepre\u010devanje zlorab, zagotavljanje varnosti, uveljavljanje zahtevkov ali obrambo pred zahtevki v upravnih in sodnih postopkih. Tako lahko upravljavec v primeru suma zlorab v primernem in sorazmernem obsegu obdeluje va\u0161e osebne podatke za namen identifikacije in prepre\u010devanja morebitnih prevar ali zlorab ter lahko, \u010de je to primerno, te podatke posreduje tudi policiji, dr\u017eavnemu to\u017eilstvu ali drugim pristojnim organom.<\/li><li>Neposredno tr\u017eenje, vklju\u010dno z oblikovanjem profilov uporabnikov, na podlagi predhodno zakonito pridobljenih osebnih podatkov. Navedeni obdelavi lahko kadarkoli ugovarjate v skladu s poglavjem Pravica do ugovora te Politike.<\/li><\/ul>\n\n\n\n<a name=\"uporabnikiOsebnihPodatkov\"><\/a>\n\n\n\n<h2>5.&nbsp;&nbsp;&nbsp;&nbsp;Uporabniki\nosebnih podatkov, pogodbena obdelava in posredovanje podatkov v tretje dr\u017eave\n(dr\u017eave, ki niso \u010dlanice Evropske unije ali Evropskega gospodarskega prostora)<\/h2>\n\n\n\n<p>Do va\u0161ih osebnih podatkov smejo\ndostopati zgolj zaposleni v podjetju Pinal, poobla\u0161\u010deni poslovni partnerji in\nobdelovalci osebnih podatkov, ki so za to neposredno poobla\u0161\u010deni.<\/p>\n\n\n\n<p>Pinal va\u0161ih osebnih podatkov ne\nbo nikoli posredoval nepoobla\u0161\u010denim tretjim osebam.<\/p>\n\n\n\n<p>Z uporabo collagen36.com\nspletnih mest in drugih storitev sogla\u0161ate, da lahko Pinal posamezna opravila v\nzvezi z va\u0161imi osebnimi podatki zaupa spodaj na\u0161tetim obdelovalcem. Navedeni\nobdelovalci lahko va\u0161e osebne podatke obdelujejo izklju\u010dno v imenu in v skladu\ns pisnimi navodili Pinala, v mejah pooblastila, kot izhaja iz pogodbe med Pinal\nin obdelovalcem, in skladno z nameni, ki so opredeljeni v Politiki. Obdelovalci\nva\u0161ih osebnih podatkov ne smejo v nobenem primeru uporabiti za zasledovanje\nkakr\u0161nihkoli lastnih interesov.<\/p>\n\n\n\n<p>Pinal sodeluje s podjetjem\u00a0FrodX d.o.o., Celov\u0161ka cesta 280, 1000 Ljubljana, s katerim ima Pinal za potrebe\u00a0vzdr\u017eevanja informacijskih\u00a0sistemov in izvedbo marketin\u0161kih kampanj sklenjeno Pogodbo o poslovnem sodelovanju, Pogodbo o varovanju osebnih podatkov in Pogodbo o obdelovanju osebnih podatkov.<\/p>\n\n\n\n<a name=\"casHrambe\"><\/a>\n\n\n\n<h2>6.&nbsp;&nbsp;&nbsp;&nbsp;\u010cas\nhrambe osebnih podatkov<\/h2>\n\n\n\n<p>Upravljavec osebnih podatkov\nne obdeluje dlje, kot je treba za doseganje namenov, za katere so bili osebni\npodatki zbrani in nadalje obdelovani.<\/p>\n\n\n\n<p>Osebne podatke, ki jih Pinal\nobdeluje zaradi izvedbe pogodbe, hrani Pinal za obdobje, ki je potrebno za\nizvr\u0161itev pogodbe in \u0161e 5 let po njenem prenehanju, razen v primerih, ko pride\nmed vami in upravljavcem do spora v zvezi s pogodbo. V takem primeru hrani Pinal\npodatke \u0161e 5 let po pravnomo\u010dnosti sodne ali arbitra\u017ene odlo\u010dbe ali poravnave\nali, \u010de sodnega spora ni bilo, 5 let od dneva mirne re\u0161itve spora.<\/p>\n\n\n\n<p>Osebne podatke, ki jih Pinal\nobdeluje na podlagi zakona, hrani Pinal za obdobje, ki ga predpisuje zakon.<\/p>\n\n\n\n<p>Osebne podatke, ki jih\nupravljavec obdeluje na podlagi va\u0161e osebne privolitve ali zakonitega interesa,\nhrani Pinal trajno, do preklica va\u0161e privolitve oz. zahteve po prekinitvi\nobdelave. Pinal take podatke izbri\u0161e pred preklicem le v primeru, da je namen\nobdelave osebnih podatkov \u017ee dose\u017een ali \u010de tako dolo\u010da zakon.<\/p>\n\n\n\n<p>Po preteku obdobja hrambe bo Pinal\nva\u0161e osebne podatke u\u010dinkovito in trajno zbrisal ali anonimiziral, tako da jih\nne bo ve\u010d mogo\u010de povezati z vami.<\/p>\n\n\n\n<a name=\"varnostOsebnihPodatkov\"><\/a>\n\n\n\n<h2>7.&nbsp;&nbsp;&nbsp;&nbsp;Skrb\nza varnost osebnih podatkov<\/h2>\n\n\n\n<p><strong>Pinal je zavezan k\nza\u0161\u010diti va\u0161ih osebnih podatkov. Nepoobla\u0161\u010den dostop do njih, njihovo uporabo in\nrazkritje prepre\u010duje z naslednjimi ukrepi:<\/strong><\/p>\n\n\n\n<ul><li>podatke\nvarujejo prostori, oprema in sistemska programska oprema, vklju\u010dno z\nvhodno-izhodnimi enotami,<\/li><li>podatke\nvaruje aplikativna programska oprema, s katero se obdelujejo osebni podatki,<\/li><li>Pinal\nprepre\u010duje nepoobla\u0161\u010den dostop do osebnih podatkov pri njihovem prenosu,\nvklju\u010dno s prenosom po telekomunikacijskih sredstvih in omre\u017ejih,<\/li><li>Pinal\nzagotavlja u\u010dinkovit na\u010din blokiranja, uni\u010denja, izbrisa ali anonimiziranja\nosebnih podatkov, ko preneha namen, za katerega so bili zbrani,<\/li><li>Pinal\nomogo\u010da poznej\u0161e ugotavljanje, kdaj so bili posamezni podatki vneseni v zbirko\nosebnih podatkov, uporabljeni, posredovani ali druga\u010de obdelani in kdo je to\nstoril.<\/li><\/ul>\n\n\n\n<p><strong>Nepoobla\u0161\u010den dostop\ndo osebnih podatkov, njihovo uporabo in razkritje Pinal prepre\u010duje z\nnaslednjimi varnostnimi tehnologijami ter postopki:<\/strong><\/p>\n\n\n\n<ul><li>kontrolo\nfizi\u010dnih dostopov,<\/li><li>zaklepanjem\nprostorov, omar, ra\u010dunalnikov,<\/li><li>hranjenjem\nnosilcev osebnih podatkov v varovanih prostorih,<\/li><li>prepre\u010ditvijo\nvpogleda v osebne podatke vzdr\u017eevalcem prostorov, strankam in drugim\nobiskovalcem prostorov pogodbenega obdelovalca,<\/li><li>prepre\u010ditvijo\nuporabe gesel osebam, ki jim geslo ni bilo neposredno dodeljeno oziroma za drug\nnamen, kot je dolo\u010deno,<\/li><li>omejitvijo\niznosov podatkov s strani zaposlenih,<\/li><li>kotroliranjem\nkopij in iznosov podatkov,<\/li><li>omejenim,\nevidentiranim in zavarovanim prenosom podatkov preko telekomunikacijskih\nomre\u017eij,<\/li><li>odvzemom\npodatkov osebam, ki jim preneha pogodba pri pogodbenem obdelovalcu,<\/li><li>strogo\nlo\u010ditvijo od podatkov morebitnih drugih upravljavcev.<\/li><\/ul>\n\n\n\n<a name=\"pravice\"><\/a>\n\n\n\n<h2>&nbsp;8.&nbsp;&nbsp;&nbsp;&nbsp;Pravice\nuporabnikov v zvezi z varstvom osebnih podatkov<\/h2>\n\n\n\n<p>V skladu s Splo\u0161no uredbo o\nvarstvu osebnih podatkov vam Pinal zagotavlja naslednje pravice v zvezi z\nvarstvom osebnih podatkov, ki so podrobneje razdelane v nadaljevanju Politike:<\/p>\n\n\n\n<ul><li>pravico\ndostopa do podatkov,<\/li><li>pravico\ndo popravka,<\/li><li>pravico\ndo izbrisa (\u00bbpravica do pozabe\u00ab),<\/li><li>pravico\ndo omejitve obdelave,<\/li><li>pravico\ndo prenosljivosti podatkov,<\/li><li>pravico\ndo ugovora.<\/li><\/ul>\n\n\n\n<h2>Pravica\ndostopa do podatkov<\/h2>\n\n\n\n<p>Od Pinala imate pravico\ndobiti potrditev, ali Pinal obdeluje va\u0161e osebne podatke, in kadar je temu\ntako, imate pravico dobiti dostop do va\u0161ih osebnih podatkov in naslednjih\ninformacij v zvezi z obdelavo osebnih podatkov:<\/p>\n\n\n\n<ul><li>nameni\nobdelave,<\/li><li>vrste\nosebnih podatkov,<\/li><li>uporabniki\nali kategorije uporabnika, ki so jim bili ali jim bodo razkriti va\u0161i osebni\npodatki, zlasti uporabnike v tretjih dr\u017eavah ali mednarodnih organizacijah,<\/li><li>kadar\nje mogo\u010de, predvideno obdobje hrambe osebnih podatkov ali, \u010de to ni mogo\u010de,\nmerila, ki se uporabijo za dolo\u010ditev tega obdobja,<\/li><li>obstoj\npravice, da se od upravljavca zahteva popravek ali izbris osebnih podatkov ali\nomejitev obdelave osebnih podatkov v zvezi z uporabnikom, na katerega se\nnana\u0161ajo osebni podatki, ali obstoj pravice do ugovora taki obdelavi,<\/li><li>pravica\ndo vlo\u017eitve prito\u017ebe pri nadzornem organu,<\/li><li>kadar\nosebni podatki niso zbrani od uporabnika, vse razpolo\u017eljive informacije v zvezi\nz njihovim virom,<\/li><li>obstoj\navtomatiziranega sprejemanja odlo\u010ditev, vklju\u010dno z oblikovanjem profilov, ter\nsmiselne informacije o razlogih zanj, kot tudi pomen in predvidene posledice\ntake obdelave za uporabnika.<\/li><\/ul>\n\n\n\n<p>Na podlagi va\u0161e zahteve vam\nbo Pinal zagotovil eno brezpla\u010dno kopijo va\u0161ih osebnih podatkov, ki se\nobdelujejo. Za dodatne kopije podatkov, ki bi jih zahtevali, vam bo Pinal\nzara\u010dunal razumno pristojbino ob upo\u0161tevanju administrativnih stro\u0161kov.<\/p>\n\n\n\n<h2>Pravica\ndo popravka<\/h2>\n\n\n\n<p>Od Pinala imate pravico\nzahtevati, da ta brez nepotrebnega odla\u0161anja popravi neto\u010dne osebne podatke v\nzvezi z vami. Ob upo\u0161tevanju namenov obdelave imate pravico do dopolnitve\nnepopolnih osebnih podatkov, vklju\u010dno s predlo\u017eitvijo dopolnilne izjave.<\/p>\n\n\n\n<p><strong>Pravica do izbrisa\n(\u00bbpravica do pozabe\u00ab)<\/strong><\/p>\n\n\n\n<p>Od Pinala imate pravico\nzahtevati, da brez nepotrebnega odla\u0161anja izbri\u0161e osebne podatke v zvezi z\nvami, Pinal pa mora va\u0161e osebne podatke brez nepotrebnega odla\u0161anja izbrisati v\nnaslednjih primerih:<\/p>\n\n\n\n<ul><li>kadar\nosebni podatki niso ve\u010d\u030c potrebni za namene, za katere so bili\nzbrani ali kako druga\u010de obdelani,<\/li><li>kadar\nprekli\u010dete privolitev, ki je podlaga za obdelavo va\u0161ih osebnih podatkov, pa za\nobdelavo ne obstaja nobena druga pravna podlaga,<\/li><li>kadar\nugovarjate obdelavi na podlagi zakonitega interesa upravljavca, pa za njihovo\nobdelavo ne obstajajo nobeni prevladujo\u010di zakoniti razlogi,<\/li><li>kadar\nugovarjate obdelavi za potrebe neposrednega tr\u017eenja,<\/li><li>kadar\nje osebne podatke treba izbrisati za izpolnitev pravne obveznosti v skladu s\npravom EU ali slovenskim pravnim redom.<\/li><\/ul>\n\n\n\n<p>Kadar Pinal v skladu s\nPolitiko objavi va\u0161e osebne podatke, sprejme Pinal razumne ukrepe, vklju\u010dno s\ntehni\u010dnimi, da upravljavce, ki obdelujejo va\u0161e osebne podatke, obvesti, da\nuporabnik, na katerega se nana\u0161ajo osebni podatki, od njih zahteva, naj\nizbri\u0161ejo morebitne povezave do teh osebnih podatkov ali njihove kopije.<\/p>\n\n\n\n<p><strong>Pravica do omejitve\nobdelave<\/strong><\/p>\n\n\n\n<p>Pravico imate zahtevati, da Pinal\nomeji obdelavo va\u0161ih osebnih podatkov, kadar velja en od naslednjih primerov:<\/p>\n\n\n\n<ul><li>kadar\noporekate to\u010dnosti podatkov, in sicer za obdobje, ki upravljavcu omogo\u010da\npreveriti to\u010dnost va\u0161ih osebnih podatkov,<\/li><li>kadar\nje obdelava nezakonita in nasprotujete izbrisu osebnih podatkov ter namesto\ntega zahtevate omejitev njihove uporabe,<\/li><li>kadar\nPinal osebnih podatkov ne potrebuje ve\u010d\u030c za namene obdelave, temve\u010d\u030c jih\nvi potrebujete za uveljavljanje, izvajanje ali obrambo pravnih zahtevkov,<\/li><li>kadar\nste vlo\u017eili ugovor v zvezi z obdelavo, dokler se ne preveri, ali zakoniti\nrazlogi upravljavca prevladajo nad va\u0161imi razlogi.<\/li><\/ul>\n\n\n\n<p><strong>Pravica do\nprenosljivosti podatkov<\/strong><\/p>\n\n\n\n<p>Pravico imate, da prejmete\nosebne podatke v zvezi z vami, ki jih je posedoval Pinal, v strukturirani,\nsplo\u0161no uporabljani in strojno berljivi obliki, in pravico, da te podatke\nposredujete drugemu upravljavcu, ne da bi vas Pinal, ki so mu bili osebni\npodatki zagotovljeni, pri tem oviral, kadar:<\/p>\n\n\n\n<ul><li>obdelava\ntemelji na va\u0161i privolitvi ali pogodbi in<\/li><li>se\nobdelava izvaja z avtomatiziranimi sredstvi.<\/li><\/ul>\n\n\n\n<p><strong>Pravica do ugovora<\/strong><\/p>\n\n\n\n<p>Na podlagi razlogov,\npovezanih z va\u0161im posebnim polo\u017eajem, imate pravico, da kadarkoli ugovarjate\nobdelavi osebnih podatkov, \u010de ta temelji na zakonitih interesih, za katere si\nprizadeva Pinal ali tretja oseba. Pinal bo prenehal obdelovati osebne podatke,\nrazen \u010de doka\u017ee nujne razloge za obdelavo, ki prevladajo nad va\u0161imi interesi,\npravicami in svobo\u0161\u010dinami ali za uveljavljanje, izvajanje ali obrambo pravnih\nzahtevkov. Kadar se osebni podatki obdelujejo za namene neposrednega tr\u017eenja,\nimate pravico, da kadarkoli ugovarjate obdelavi va\u0161ih osebnih podatkov za\nnamene takega tr\u017eenja, vklju\u010dno s profiliranjem, \u010de je povezano s takim\nneposrednim tr\u017eenjem. \u010ce neposredno tr\u017eenje temelji na privolitvi, se pravica\ndo ugovora lahko izvede s preklicem dane osebne privolitve.<\/p>\n\n\n\n<a name=\"postopekUveljavljanja\"><\/a>\n\n\n\n<h2>9.&nbsp;&nbsp;&nbsp;&nbsp;Postopek\nuveljavljanja pravic<\/h2>\n\n\n\n<p>Vse zgoraj navedene zahteve,\nki se ti\u010dejo uveljavljanja pravic v zvezi z va\u0161imi osebnimi podatki naslovite v\npisni obliki na upravljavca, in sicer na e-naslov&nbsp;<a href=\"mailto:4U@collagen36.com\">4U@collagen36.com<\/a> ali po po\u0161ti na naslov Pinal d.o.o., Savska\nloka 20, 4000 Kranj .<\/p>\n\n\n\n<p>\u010ce boste zahtevo v skladu z zgornjim odstavkom predlo\u017eili z elektronskimi sredstvi, se vam bodo informacije, v kolikor bo to mogo\u010de, zagotovile z elektronskimi sredstvi, razen v primeru, da boste zahtevali druga\u010de.<\/p>\n\n\n\n<p>Upravljalec lahko za potrebe\nzanesljive identifikacije v primeru uveljavljanja va\u0161ih pravic v zvezi z\nosebnimi podatki od vas zahteva dodatne podatke, ki so potrebni za potrditev\nva\u0161e identitete, ukrepanje pa v skladu s tem poglavjem lahko zavrne le v\nprimeru, da doka\u017ee, da vas ne more zanesljivo identificirati.<\/p>\n\n\n\n<p>Upravljalec bo na zahtevo, s\nkatero uveljavljate svoje pravice v zvezi s svojimi osebnimi podatki, odgovoril\nbrez nepotrebnega odla\u0161anja in najpozneje v enem mesecu od prejema zahteve. Pinal\nlahko rok za uresni\u010devanje pravic podalj\u0161a za najve\u010d\u030c dva\ndodatna meseca ob upo\u0161tevanju kompleksnosti in \u0161tevila zahtev. \u010ce Pinal\npodalj\u0161a rok, vas bo o vsakem takem podalj\u0161anju obvestil v enem mesecu od\nprejema zahtevka skupaj z razlogi za zamudo.<\/p>\n\n\n\n<p>\u010ce so va\u0161e zahteve v skladu s\ntem poglavjem o\u010ditno neutemeljene ali pretirane, zlasti ker se ponavljajo,\nlahko Pinal:<\/p>\n\n\n\n<ul><li>zara\u010duna\nrazumno pristojbino, pri \u010demer upo\u0161teva administrativne stro\u0161ke posredovanja\ninformacij ali sporo\u010dila ali izvajanja zahtevanega ukrepa,<\/li><li>zavrne\nukrepanje v zvezi z zahtevo.<\/li><\/ul>\n\n\n\n<a name=\"pravicaDoPrito%C5%BEbe\"><\/a>\n\n\n\n<h2>10.&nbsp;\nPravica do vlo\u017eitve prito\u017ebe v zvezi z obdelovanjem osebnih podatkov<\/h2>\n\n\n\n<p>Morebitno prito\u017ebo v zvezi z\nobdelovanjem va\u0161ih osebnih podatkov lahko po\u0161ljete na elektronski naslov&nbsp;<a href=\"mailto:4U@collagen36.com\">4U@collagen36.com<\/a>&nbsp;ali po po\u0161ti na naslov Pinal\nd.o.o., Savska loka 20, 4000 Kranj.<\/p>\n\n\n\n<p>Pravico imate, da vlo\u017eite\nprito\u017ebo tudi neposredno pri informacijskem poobla\u0161\u010dencu, \u010de menite, da\nobdelava osebnih podatkov v zvezi z vami kr\u0161i slovenske predpise ali predpise\nEU na podro\u010dju varstva osebnih podatkov.<\/p>\n\n\n\n<a name=\"veljavnostPolitike\"><\/a>\n\n\n\n<h2>11.&nbsp;\nVeljavnost Politike<\/h2>\n\n\n\n<p>Politika\nvelja od 10. 5. 2019 dalje in se lahko kadarkoli spremeni ali dopolni.<\/p>\n","protected":false},"excerpt":{"rendered":"<p>Vsebina: Uvodno Podatki o upravljavcu in osebi, poobla\u0161\u010deni za varstvo podatkov Osebni podatki Podlage za obdelavo in nameni obdelave Uporabniki osebnih podatkov, pogodbena obdelava in posredovanje podatkov v tretje dr\u017eave (dr\u017eave, ki niso \u010dlanice Evropske unije ali Evropskega gospodarskega prostora) \u010cas hrambe osebnih podatkov Skrb za varnost osebnih podatkov Pravice uporabnikov v zvezi z varstvom osebnih podatkov Postopek uveljavljanja pravic &#8230; <\/p>\n<div><a href=\"https:\/\/collagen36.com\/si\/politika-varstva-osebnih-podatkov\/\" class=\"more-link\">Read More<\/a><\/div>\n","protected":false},"author":8,"featured_media":0,"parent":0,"menu_order":0,"comment_status":"closed","ping_status":"closed","template":"","meta":[],"_links":{"self":[{"href":"https:\/\/collagen36.com\/si\/wp-json\/wp\/v2\/pages\/153"}],"collection":[{"href":"https:\/\/collagen36.com\/si\/wp-json\/wp\/v2\/pages"}],"about":[{"href":"https:\/\/collagen36.com\/si\/wp-json\/wp\/v2\/types\/page"}],"author":[{"embeddable":true,"href":"https:\/\/collagen36.com\/si\/wp-json\/wp\/v2\/users\/8"}],"replies":[{"embeddable":true,"href":"https:\/\/collagen36.com\/si\/wp-json\/wp\/v2\/comments?post=153"}],"version-history":[{"count":11,"href":"https:\/\/collagen36.com\/si\/wp-json\/wp\/v2\/pages\/153\/revisions"}],"predecessor-version":[{"id":266,"href":"https:\/\/collagen36.com\/si\/wp-json\/wp\/v2\/pages\/153\/revisions\/266"}],"wp:attachment":[{"href":"https:\/\/collagen36.com\/si\/wp-json\/wp\/v2\/media?parent=153"}],"curies":[{"name":"wp","href":"https:\/\/api.w.org\/{rel}","templated":true}]}}