{"id":253,"date":"2019-08-29T12:25:25","date_gmt":"2019-08-29T12:25:25","guid":{"rendered":"https:\/\/collagen36.com\/si\/?page_id=253"},"modified":"2019-12-17T11:32:13","modified_gmt":"2019-12-17T10:32:13","slug":"10eur","status":"publish","type":"page","link":"https:\/\/collagen36.com\/si\/10eur\/","title":{"rendered":"Pridobi bon za 10 EUR"},"content":{"rendered":"<div id=\"cs-content\" class=\"cs-content\" >\n<div class=\"e253-1 x-section\" >\n      \n<div class=\"e253-2 x-container max width\" >\n    \n<div class=\"e253-3 x-column x-sm x-1-1\" >\n    \n<div class=\"e253-4 x-text x-text-headline\" >\n  <div class=\"x-text-content\"><div class=\"x-text-content-text\"><h2 class=\"x-text-content-text-primary\">Spo&scaron;tovani! <br><br>Za unov\u010ditev bona predo\u010dite embala\u017eo s QR kodo v salonu, ki ga boste obiskali.<br><br> Zavhaljujemo se vam za zaupanje!<\/h2><\/div><\/div><\/div>\n\n<div class=\"e253-5 x-bar-content-area\" >\n  <p><script type=\"text\/javascript\" src=\"\/\/collagen36.marketingautomation.si\/form\/generate.js?id=3\"><\/script><\/p><\/div>\n<\/div>\n<\/div>\n  <\/div>\n<\/div>\n","protected":false},"excerpt":{"rendered":"","protected":false},"author":8,"featured_media":0,"parent":0,"menu_order":0,"comment_status":"closed","ping_status":"closed","template":"template-blank-4.php","meta":[],"_links":{"self":[{"href":"https:\/\/collagen36.com\/si\/wp-json\/wp\/v2\/pages\/253"}],"collection":[{"href":"https:\/\/collagen36.com\/si\/wp-json\/wp\/v2\/pages"}],"about":[{"href":"https:\/\/collagen36.com\/si\/wp-json\/wp\/v2\/types\/page"}],"author":[{"embeddable":true,"href":"https:\/\/collagen36.com\/si\/wp-json\/wp\/v2\/users\/8"}],"replies":[{"embeddable":true,"href":"https:\/\/collagen36.com\/si\/wp-json\/wp\/v2\/comments?post=253"}],"version-history":[{"count":4,"href":"https:\/\/collagen36.com\/si\/wp-json\/wp\/v2\/pages\/253\/revisions"}],"predecessor-version":[{"id":340,"href":"https:\/\/collagen36.com\/si\/wp-json\/wp\/v2\/pages\/253\/revisions\/340"}],"wp:attachment":[{"href":"https:\/\/collagen36.com\/si\/wp-json\/wp\/v2\/media?parent=253"}],"curies":[{"name":"wp","href":"https:\/\/api.w.org\/{rel}","templated":true}]}}