{"id":377,"date":"2020-03-13T19:52:51","date_gmt":"2020-03-13T18:52:51","guid":{"rendered":"https:\/\/collagen36.com\/si\/?page_id=377"},"modified":"2020-06-18T15:00:23","modified_gmt":"2020-06-18T13:00:23","slug":"pogosto-zastavljena-vprasanja","status":"publish","type":"page","link":"https:\/\/collagen36.com\/si\/pogosto-zastavljena-vprasanja\/","title":{"rendered":"Collagen36 Pogosto zastavljena vpra\u0161anja"},"content":{"rendered":"<div id=\"cs-content\" class=\"cs-content\" >\n<div class=\"e377-1 x-section\" >\n      \n<div class=\"e377-2 x-container max width\" >\n    \n<div class=\"e377-3 x-column x-sm x-1-1\" >\n    &nbsp;<\/div>\n<\/div>\n  <\/div>\n\n<div class=\"e377-4 x-section\" >\n      \n<div class=\"e377-5 x-container max width\" >\n    \n<div class=\"e377-6 x-column x-sm x-1-1\" >\n    \n<span class=\"e377-7 x-image\" >\n  <img alt=\"Image\" src=\"https:\/\/collagen36.com\/si\/wp-content\/uploads\/2020\/03\/cheers-to-beauty-2.png\" width=\"670\" height=\"472\" >\n<\/span>\n<\/div>\n<\/div>\n  <\/div>\n\n<div class=\"e377-8 x-section\" >\n      \n<div class=\"e377-9 x-container max width\" >\n    \n<div class=\"e377-10 x-column x-sm x-1-1\" >\n    &nbsp;<\/div>\n<\/div>\n  <\/div>\n\n<div class=\"e377-11 x-section\" >\n      \n<div class=\"e377-12 x-container max width\" >\n    \n<div class=\"e377-13 x-column x-sm x-1-1\" >\n    \n<div class=\"e377-14 x-text x-text-headline\" >\n  <div class=\"x-text-content\"><div class=\"x-text-content-text\"><h2 class=\"x-text-content-text-primary\">Pogosto zastavljena vpra&scaron;anja<\/h2><\/div><\/div><\/div>\n\n<div class=\"e377-15 x-acc\" role=\"tablist\" id=\"x-acc-e377-15\" >\n  \n<div class=\"e377-16 x-acc-item\" id=\"\" >\n  <button id=\"tab-e377-16\" class=\"x-acc-header\" role=\"tab\" type=\"button\" aria-selected=\"false\" aria-expanded=\"false\" aria-controls=\"panel-e377-16\" data-x-toggle=\"collapse\" data-x-toggleable=\"e377-16\" >\n    <span class=\"x-acc-header-content\">\n      <span class=\"x-acc-header-indicator\">\n<i class=\"e377-16 x-icon\" aria-hidden=\"true\" data-x-icon-s=\"&#xf330;\" ><\/i>\n<\/span>      <span class=\"x-acc-header-text\">1. Kje je kolagen danes na prodaj?<\/span>\n    <\/span>\n  <\/button>\n  <div id=\"panel-e377-16\" role=\"tabpanel\" aria-hidden=\"true\" aria-labelledby=\"tab-e377-16\" data-x-toggleable=\"e377-16\" data-x-toggle-collapse=\"1\" class=\"x-collapsed\" >\n    <div class=\"x-acc-content\">\n      <ul>\n<li>Na internetu<\/li>\n<li>V lekarnah<\/li>\n<li>V trgovinah<\/li>\n<\/ul>    <\/div>\n  <\/div>\n<\/div>\n\n<div class=\"e377-17 x-acc-item\" id=\"\" >\n  <button id=\"tab-e377-17\" class=\"x-acc-header\" role=\"tab\" type=\"button\" aria-selected=\"false\" aria-expanded=\"false\" aria-controls=\"panel-e377-17\" data-x-toggle=\"collapse\" data-x-toggleable=\"e377-17\" >\n    <span class=\"x-acc-header-content\">\n      <span class=\"x-acc-header-indicator\">\n<i class=\"e377-17 x-icon\" aria-hidden=\"true\" data-x-icon-s=\"&#xf330;\" ><\/i>\n<\/span>      <span class=\"x-acc-header-text\">2. Kje lahko kupim COLLAGEN36?<\/span>\n    <\/span>\n  <\/button>\n  <div id=\"panel-e377-17\" role=\"tabpanel\" aria-hidden=\"true\" aria-labelledby=\"tab-e377-17\" data-x-toggleable=\"e377-17\" data-x-toggle-collapse=\"1\" class=\"x-collapsed\" >\n    <div class=\"x-acc-content\">\n      <ul><li>V frizerskih salonih<\/li>\n<li>V kozmeti\u010dnih salonih<\/li>\n<li>V salonih za nohte<\/li>\n<li>V wellness centrih<\/li>\n<\/ul>    <\/div>\n  <\/div>\n<\/div>\n\n<div class=\"e377-18 x-acc-item\" id=\"\" >\n  <button id=\"tab-e377-18\" class=\"x-acc-header\" role=\"tab\" type=\"button\" aria-selected=\"false\" aria-expanded=\"false\" aria-controls=\"panel-e377-18\" data-x-toggle=\"collapse\" data-x-toggleable=\"e377-18\" >\n    <span class=\"x-acc-header-content\">\n      <span class=\"x-acc-header-indicator\">\n<i class=\"e377-18 x-icon\" aria-hidden=\"true\" data-x-icon-s=\"&#xf330;\" ><\/i>\n<\/span>      <span class=\"x-acc-header-text\">3. Prednosti COLLAGENA36<\/span>\n    <\/span>\n  <\/button>\n  <div id=\"panel-e377-18\" role=\"tabpanel\" aria-hidden=\"true\" aria-labelledby=\"tab-e377-18\" data-x-toggleable=\"e377-18\" data-x-toggle-collapse=\"1\" class=\"x-collapsed\" >\n    <div class=\"x-acc-content\">\n      <ul>\n<li>Je edini kolagenski izdelek, ki je na voljo ekskluzivno v salonih.<\/li>\n<li>Na voljo je v teko\u010di obliki, ki omogo\u010da, da v salonih za stranke priredimo Beauty Experience (oku\u0161anje, vonjanje itn. ter nato vpra\u0161anja strank). Na ta na\u010din strankam na izviren in edinstven na\u010din predstavimo ta izdelek.<\/li><\/ul>\n    <\/div>\n  <\/div>\n<\/div>\n\n<div class=\"e377-19 x-acc-item\" id=\"\" >\n  <button id=\"tab-e377-19\" class=\"x-acc-header\" role=\"tab\" type=\"button\" aria-selected=\"false\" aria-expanded=\"false\" aria-controls=\"panel-e377-19\" data-x-toggle=\"collapse\" data-x-toggleable=\"e377-19\" >\n    <span class=\"x-acc-header-content\">\n      <span class=\"x-acc-header-indicator\">\n<i class=\"e377-19 x-icon\" aria-hidden=\"true\" data-x-icon-s=\"&#xf330;\" ><\/i>\n<\/span>      <span class=\"x-acc-header-text\">4. Zakaj je kolagen tako pomemben?<\/span>\n    <\/span>\n  <\/button>\n  <div id=\"panel-e377-19\" role=\"tabpanel\" aria-hidden=\"true\" aria-labelledby=\"tab-e377-19\" data-x-toggleable=\"e377-19\" data-x-toggle-collapse=\"1\" class=\"x-collapsed\" >\n    <div class=\"x-acc-content\">\n      <ul><li>Kolagen predstavlja pribli\u017eno 75 % na\u0161e ko\u017ee in po 25. letu starosti na\u0161e telo vsako leto proizvede 1,5 % kolagena manj (odvisno od \u017eivljenjskih navad, kot so diete, izpostavljenost soncu, koli\u010dina spanca in stres, se nastajanje kolagena do 50. leta starosti zmanj\u0161a za 50 %; na ta proces vplivajo tudi geni in hormoni).<\/li><\/ul>    <\/div>\n  <\/div>\n<\/div>\n\n<div class=\"e377-20 x-acc-item\" id=\"\" >\n  <button id=\"tab-e377-20\" class=\"x-acc-header\" role=\"tab\" type=\"button\" aria-selected=\"false\" aria-expanded=\"false\" aria-controls=\"panel-e377-20\" data-x-toggle=\"collapse\" data-x-toggleable=\"e377-20\" >\n    <span class=\"x-acc-header-content\">\n      <span class=\"x-acc-header-indicator\">\n<i class=\"e377-20 x-icon\" aria-hidden=\"true\" data-x-icon-s=\"&#xf330;\" ><\/i>\n<\/span>      <span class=\"x-acc-header-text\">5. Kak\u0161na je povezava med kolagenom in keratinom, ki je glavna sestavina las in nohtov?<\/span>\n    <\/span>\n  <\/button>\n  <div id=\"panel-e377-20\" role=\"tabpanel\" aria-hidden=\"true\" aria-labelledby=\"tab-e377-20\" data-x-toggleable=\"e377-20\" data-x-toggle-collapse=\"1\" class=\"x-collapsed\" >\n    <div class=\"x-acc-content\">\n      <ul><li>Keratin je glavna sestavina las in nohtov, zato marsikoga zanima, kako je kolagen povezan z njim. Kolagen slu\u017ei kot hrana oziroma gradnik za keratin, saj ga sestavljajo aminokisline, ki jih na\u0161e telo potrebuje, da samo tvori keratin, ta pa sestavlja lase, ko\u017eo in nohte. Kolagen ima posebno visoko vsebnost aminokisline prolin, ki je nujen za tvorbo keratina. <\/li><\/ul>    <\/div>\n  <\/div>\n<\/div>\n\n<div class=\"e377-21 x-acc-item\" id=\"\" >\n  <button id=\"tab-e377-21\" class=\"x-acc-header\" role=\"tab\" type=\"button\" aria-selected=\"false\" aria-expanded=\"false\" aria-controls=\"panel-e377-21\" data-x-toggle=\"collapse\" data-x-toggleable=\"e377-21\" >\n    <span class=\"x-acc-header-content\">\n      <span class=\"x-acc-header-indicator\">\n<i class=\"e377-21 x-icon\" aria-hidden=\"true\" data-x-icon-s=\"&#xf330;\" ><\/i>\n<\/span>      <span class=\"x-acc-header-text\">6.\tV kak\u0161nih oblikah je kolagen na voljo?<\/span>\n    <\/span>\n  <\/button>\n  <div id=\"panel-e377-21\" role=\"tabpanel\" aria-hidden=\"true\" aria-labelledby=\"tab-e377-21\" data-x-toggleable=\"e377-21\" data-x-toggle-collapse=\"1\" class=\"x-collapsed\" >\n    <div class=\"x-acc-content\">\n      <ul>\n<li>Tablete ali kapsule<\/li>\n<li>Kolagen v prahu<\/li>\n<li>Teko\u010di kolagen<\/li>\n<\/ul>\n    <\/div>\n  <\/div>\n<\/div>\n\n<div class=\"e377-22 x-acc-item\" id=\"\" >\n  <button id=\"tab-e377-22\" class=\"x-acc-header\" role=\"tab\" type=\"button\" aria-selected=\"false\" aria-expanded=\"false\" aria-controls=\"panel-e377-22\" data-x-toggle=\"collapse\" data-x-toggleable=\"e377-22\" >\n    <span class=\"x-acc-header-content\">\n      <span class=\"x-acc-header-indicator\">\n<i class=\"e377-22 x-icon\" aria-hidden=\"true\" data-x-icon-s=\"&#xf330;\" ><\/i>\n<\/span>      <span class=\"x-acc-header-text\">7. Kak\u0161na je razlika med njimi?<\/span>\n    <\/span>\n  <\/button>\n  <div id=\"panel-e377-22\" role=\"tabpanel\" aria-hidden=\"true\" aria-labelledby=\"tab-e377-22\" data-x-toggleable=\"e377-22\" data-x-toggle-collapse=\"1\" class=\"x-collapsed\" >\n    <div class=\"x-acc-content\">\n      <ul>\n<li>Najve\u010dja razlika je v velikosti molekul. Velikost molekul kolagena se giba od 2.000 do 10.000 daltonov.<\/li>\n<li>Molekule so najmanj\u0161e pri teko\u010dem kolagenu, to pa pomeni, da se tudi najla\u017eje absorbirajo v na\u0161e telo. Povpre\u010dna velikost molekul kolagena v COLLAGENU36 je 3.000 Da.<\/li>\n<li>Raziskave ka\u017eejo, da se kolagen z molekulami, ki imajo maso od 2.500 do 15.000 Da, lahko absorbira v na\u0161e telo v kar 90 odstotkih.<\/li>\n<\/ul>    <\/div>\n  <\/div>\n<\/div>\n\n<div class=\"e377-23 x-acc-item\" id=\"\" >\n  <button id=\"tab-e377-23\" class=\"x-acc-header\" role=\"tab\" type=\"button\" aria-selected=\"false\" aria-expanded=\"false\" aria-controls=\"panel-e377-23\" data-x-toggle=\"collapse\" data-x-toggleable=\"e377-23\" >\n    <span class=\"x-acc-header-content\">\n      <span class=\"x-acc-header-indicator\">\n<i class=\"e377-23 x-icon\" aria-hidden=\"true\" data-x-icon-s=\"&#xf330;\" ><\/i>\n<\/span>      <span class=\"x-acc-header-text\">8. Kdaj je najbolj priporo\u010dljivo zaleti jemati kolagen?<\/span>\n    <\/span>\n  <\/button>\n  <div id=\"panel-e377-23\" role=\"tabpanel\" aria-hidden=\"true\" aria-labelledby=\"tab-e377-23\" data-x-toggleable=\"e377-23\" data-x-toggle-collapse=\"1\" class=\"x-collapsed\" >\n    <div class=\"x-acc-content\">\n      <ul>\n<li>Najbolje bi bilo, \u010de bi za\u010deli kolagen u\u017eivati v za\u010detku tridesetih, ko njegova tvorba v telesu za\u010dne upadati (bolje pripravljenost in preventiva kot popravljanje in ob\u017ealovanje kasneje). Vseeno pa je prav tako dobro, \u010de za\u010dnemo kolagen jemati kasneje (pri \u0161tiridesetih ali pri prvih znakih primanjkljaja na ko\u017ei)..<\/li>\n<\/ul>    <\/div>\n  <\/div>\n<\/div>\n\n<div class=\"e377-24 x-acc-item\" id=\"\" >\n  <button id=\"tab-e377-24\" class=\"x-acc-header\" role=\"tab\" type=\"button\" aria-selected=\"false\" aria-expanded=\"false\" aria-controls=\"panel-e377-24\" data-x-toggle=\"collapse\" data-x-toggleable=\"e377-24\" >\n    <span class=\"x-acc-header-content\">\n      <span class=\"x-acc-header-indicator\">\n<i class=\"e377-24 x-icon\" aria-hidden=\"true\" data-x-icon-s=\"&#xf330;\" ><\/i>\n<\/span>      <span class=\"x-acc-header-text\">9. Dobi telo dovolj kolagena za dalj \u010dasa, \u010de vzamemo samo eno stekleni\u010dko COLLAGENA36?<\/span>\n    <\/span>\n  <\/button>\n  <div id=\"panel-e377-24\" role=\"tabpanel\" aria-hidden=\"true\" aria-labelledby=\"tab-e377-24\" data-x-toggleable=\"e377-24\" data-x-toggle-collapse=\"1\" class=\"x-collapsed\" >\n    <div class=\"x-acc-content\">\n      <ul>\n<li>Na \u017ealost ne. COLLAGEN36 bi moral postati del va\u0161e jutranje rutine \u2013 lepotni napitek.<\/li>\n<\/ul>    <\/div>\n  <\/div>\n<\/div>\n\n<div class=\"e377-25 x-acc-item\" id=\"\" >\n  <button id=\"tab-e377-25\" class=\"x-acc-header\" role=\"tab\" type=\"button\" aria-selected=\"false\" aria-expanded=\"false\" aria-controls=\"panel-e377-25\" data-x-toggle=\"collapse\" data-x-toggleable=\"e377-25\" >\n    <span class=\"x-acc-header-content\">\n      <span class=\"x-acc-header-indicator\">\n<i class=\"e377-25 x-icon\" aria-hidden=\"true\" data-x-icon-s=\"&#xf330;\" ><\/i>\n<\/span>      <span class=\"x-acc-header-text\">10. Je kolagen rastlinskega izvora?<\/span>\n    <\/span>\n  <\/button>\n  <div id=\"panel-e377-25\" role=\"tabpanel\" aria-hidden=\"true\" aria-labelledby=\"tab-e377-25\" data-x-toggleable=\"e377-25\" data-x-toggle-collapse=\"1\" class=\"x-collapsed\" >\n    <div class=\"x-acc-content\">\n      <ul>\n<li>Kolagen je vedno \u017eivalskega izvora. Najpogostej\u0161i vrsti kolagena sta goveji in ribji. COLLAGEN36 je ribjega izvora.<\/li>\n<\/ul>    <\/div>\n  <\/div>\n<\/div>\n\n<div class=\"e377-26 x-acc-item\" id=\"\" >\n  <button id=\"tab-e377-26\" class=\"x-acc-header\" role=\"tab\" type=\"button\" aria-selected=\"false\" aria-expanded=\"false\" aria-controls=\"panel-e377-26\" data-x-toggle=\"collapse\" data-x-toggleable=\"e377-26\" >\n    <span class=\"x-acc-header-content\">\n      <span class=\"x-acc-header-indicator\">\n<i class=\"e377-26 x-icon\" aria-hidden=\"true\" data-x-icon-s=\"&#xf330;\" ><\/i>\n<\/span>      <span class=\"x-acc-header-text\">11. Kateri tip kolagena (1, 2, 3) vsebuje COLLAGEN36?<\/span>\n    <\/span>\n  <\/button>\n  <div id=\"panel-e377-26\" role=\"tabpanel\" aria-hidden=\"true\" aria-labelledby=\"tab-e377-26\" data-x-toggleable=\"e377-26\" data-x-toggle-collapse=\"1\" class=\"x-collapsed\" >\n    <div class=\"x-acc-content\">\n      <ul>\n<li>COLLAGEN36 vsebuje kolagen tipa 1.<\/li>\n<li>V telesu imamo razli\u010dne vrste kolagena. Tip 1 je koli\u010dinsko najbolj zastopan. Sestavlja vlakna, ki tvorijo kosti, ko\u017eo, kite, ro\u017eenice, \u017eilne stene in druga vezivna tkiva.<\/li>\n<li>U\u017eivanje kolagena tipa 1 izbolj\u0161a elasti\u010dnost in hidracijo ko\u017ee (prepre\u010duje nastajanje gub), pomaga pri obnavljanju mi\u0161ic, o\u010di in kosti, pripomore k ve\u010dji trdnosti nohtov ter bolh mo\u010dnim in gostim lasem.<\/li>\n<li>Na trgu velja prepri\u010danje, da je kolagen tipa 1 najbolj\u0161i, posebej za ko\u017eo, nohte in lase.\n<\/li>\n<\/ul>    <\/div>\n  <\/div>\n<\/div>\n\n<div class=\"e377-27 x-acc-item\" id=\"\" >\n  <button id=\"tab-e377-27\" class=\"x-acc-header\" role=\"tab\" type=\"button\" aria-selected=\"false\" aria-expanded=\"false\" aria-controls=\"panel-e377-27\" data-x-toggle=\"collapse\" data-x-toggleable=\"e377-27\" >\n    <span class=\"x-acc-header-content\">\n      <span class=\"x-acc-header-indicator\">\n<i class=\"e377-27 x-icon\" aria-hidden=\"true\" data-x-icon-s=\"&#xf330;\" ><\/i>\n<\/span>      <span class=\"x-acc-header-text\">12. Koliko kolagena vsebuje COLLAGEN36?<\/span>\n    <\/span>\n  <\/button>\n  <div id=\"panel-e377-27\" role=\"tabpanel\" aria-hidden=\"true\" aria-labelledby=\"tab-e377-27\" data-x-toggleable=\"e377-27\" data-x-toggle-collapse=\"1\" class=\"x-collapsed\" >\n    <div class=\"x-acc-content\">\n      <ul>\n<li>25 ml \u2013 7,000 \u00b5<\/li>\n<li>100 ml \u2013 28,000 \u00b5<\/li>\n<li>25 ml je zadosten dnevni vnos kolagena<\/li>\n<\/ul>    <\/div>\n  <\/div>\n<\/div>\n\n<div class=\"e377-28 x-acc-item\" id=\"\" >\n  <button id=\"tab-e377-28\" class=\"x-acc-header\" role=\"tab\" type=\"button\" aria-selected=\"false\" aria-expanded=\"false\" aria-controls=\"panel-e377-28\" data-x-toggle=\"collapse\" data-x-toggleable=\"e377-28\" >\n    <span class=\"x-acc-header-content\">\n      <span class=\"x-acc-header-indicator\">\n<i class=\"e377-28 x-icon\" aria-hidden=\"true\" data-x-icon-s=\"&#xf330;\" ><\/i>\n<\/span>      <span class=\"x-acc-header-text\">13. Ali lahko vzamem prevelik odmerek COLLAGENA36?<\/span>\n    <\/span>\n  <\/button>\n  <div id=\"panel-e377-28\" role=\"tabpanel\" aria-hidden=\"true\" aria-labelledby=\"tab-e377-28\" data-x-toggleable=\"e377-28\" data-x-toggle-collapse=\"1\" class=\"x-collapsed\" >\n    <div class=\"x-acc-content\">\n      <ul>\n<li>Ne. Telo samo izlo\u010di odve\u010dne koli\u010dine kolagena.<\/li>\n<\/ul>    <\/div>\n  <\/div>\n<\/div>\n\n<div class=\"e377-29 x-acc-item\" id=\"\" >\n  <button id=\"tab-e377-29\" class=\"x-acc-header\" role=\"tab\" type=\"button\" aria-selected=\"false\" aria-expanded=\"false\" aria-controls=\"panel-e377-29\" data-x-toggle=\"collapse\" data-x-toggleable=\"e377-29\" >\n    <span class=\"x-acc-header-content\">\n      <span class=\"x-acc-header-indicator\">\n<i class=\"e377-29 x-icon\" aria-hidden=\"true\" data-x-icon-s=\"&#xf330;\" ><\/i>\n<\/span>      <span class=\"x-acc-header-text\">14. Zakaj COLLAGEN36 vsebuje kofein?<\/span>\n    <\/span>\n  <\/button>\n  <div id=\"panel-e377-29\" role=\"tabpanel\" aria-hidden=\"true\" aria-labelledby=\"tab-e377-29\" data-x-toggleable=\"e377-29\" data-x-toggle-collapse=\"1\" class=\"x-collapsed\" >\n    <div class=\"x-acc-content\">\n      <ul>\n<li>Kofein je naravna sestavina izvle\u010dka paragvajskega \u010daja, ki ga vsebuje Collagen36. Dnevni odmerek (25 ml) Collagena36 vsebuje le 10 mg kofeina. To pomeni, da bi morali vzeti 10 dnevnih domerkov Collagena36, da bi v telo vnesli toliko kofeina kot z eno skodelico kave (pribli\u017eno 100 mg).<\/li>\n<\/ul>    <\/div>\n  <\/div>\n<\/div>\n\n<div class=\"e377-30 x-acc-item\" id=\"\" >\n  <button id=\"tab-e377-30\" class=\"x-acc-header\" role=\"tab\" type=\"button\" aria-selected=\"false\" aria-expanded=\"false\" aria-controls=\"panel-e377-30\" data-x-toggle=\"collapse\" data-x-toggleable=\"e377-30\" >\n    <span class=\"x-acc-header-content\">\n      <span class=\"x-acc-header-indicator\">\n<i class=\"e377-30 x-icon\" aria-hidden=\"true\" data-x-icon-s=\"&#xf330;\" ><\/i>\n<\/span>      <span class=\"x-acc-header-text\">15. Koliko kolagena telo absorbira?<\/span>\n    <\/span>\n  <\/button>\n  <div id=\"panel-e377-30\" role=\"tabpanel\" aria-hidden=\"true\" aria-labelledby=\"tab-e377-30\" data-x-toggleable=\"e377-30\" data-x-toggle-collapse=\"1\" class=\"x-collapsed\" >\n    <div class=\"x-acc-content\">\n      <ul>\n<li>Raziskave ka\u017eejo, da \u010dlove\u0161ko telo lahko absorbira tudi do 90 % kolagena iz dnevnega odmerka. <\/li>\n<\/ul>    <\/div>\n  <\/div>\n<\/div>\n<\/div>\n<\/div>\n<\/div>\n  <\/div>\n\n<div class=\"e377-31 x-section\" >\n      \n<div class=\"e377-32 x-container max width\" >\n    \n<div class=\"e377-33 x-column x-sm x-1-1\" >\n    \n<div class=\"e377-34 x-text\" >\n  <\/div>\n<\/div>\n<\/div>\n  <\/div>\n<\/div>\n","protected":false},"excerpt":{"rendered":"","protected":false},"author":9,"featured_media":0,"parent":0,"menu_order":0,"comment_status":"closed","ping_status":"closed","template":"template-blank-4.php","meta":[],"_links":{"self":[{"href":"https:\/\/collagen36.com\/si\/wp-json\/wp\/v2\/pages\/377"}],"collection":[{"href":"https:\/\/collagen36.com\/si\/wp-json\/wp\/v2\/pages"}],"about":[{"href":"https:\/\/collagen36.com\/si\/wp-json\/wp\/v2\/types\/page"}],"author":[{"embeddable":true,"href":"https:\/\/collagen36.com\/si\/wp-json\/wp\/v2\/users\/9"}],"replies":[{"embeddable":true,"href":"https:\/\/collagen36.com\/si\/wp-json\/wp\/v2\/comments?post=377"}],"version-history":[{"count":11,"href":"https:\/\/collagen36.com\/si\/wp-json\/wp\/v2\/pages\/377\/revisions"}],"predecessor-version":[{"id":407,"href":"https:\/\/collagen36.com\/si\/wp-json\/wp\/v2\/pages\/377\/revisions\/407"}],"wp:attachment":[{"href":"https:\/\/collagen36.com\/si\/wp-json\/wp\/v2\/media?parent=377"}],"curies":[{"name":"wp","href":"https:\/\/api.w.org\/{rel}","templated":true}]}}