{"id":61,"date":"2019-05-23T11:36:01","date_gmt":"2019-05-23T11:36:01","guid":{"rendered":"https:\/\/collagen36.com\/si\/?page_id=61"},"modified":"2020-06-18T14:56:53","modified_gmt":"2020-06-18T12:56:53","slug":"hair-and-skin","status":"publish","type":"page","link":"https:\/\/collagen36.com\/si\/hair-and-skin\/","title":{"rendered":"Collagen36 Hair and Skin"},"content":{"rendered":"<div id=\"cs-content\" class=\"cs-content\" >\n<div class=\"e61-1 x-section\" >\n      \n<div class=\"e61-2 x-container max width\" >\n    \n<div class=\"e61-3 x-column x-sm x-1-1\" >\n    &nbsp;<\/div>\n<\/div>\n  <\/div>\n\n<div class=\"e61-4 x-section\" >\n      \n<div class=\"e61-5 x-container max width\" >\n    \n<div class=\"e61-6 x-column x-sm x-1-2\" >\n    \n<span class=\"e61-7 x-image\" >\n  <img alt=\"Image\" src=\"https:\/\/collagen36.com\/si\/wp-content\/uploads\/2019\/07\/collagen36_hairskin_product_big_v3.png\" width=\"824\" height=\"972\" >\n<\/span>\n<\/div>\n\n<div class=\"e61-8 x-column x-sm x-1-2 productPageText\" >\n    \n<span class=\"e61-9 x-image\" >\n  <img alt=\"Image\" src=\"https:\/\/collagen36.com\/si\/wp-content\/uploads\/2019\/05\/hair_skin_big2.png\" width=\"276\" height=\"48\" >\n<\/span>\n\n<div class=\"e61-10 x-text x-text-headline\" >\n  <div class=\"x-text-content\"><div class=\"x-text-content-text\"><h2 class=\"x-text-content-text-primary\">Spet sijo\u010di, mo\u010dni in zdravi lasje<\/h2><\/div><\/div><\/div>\n\n<div class=\"e61-11 x-text\" >\n  <p>Collagen36 Hair and Skin z okusom ananasa je naju\u010dinkovitej\u0161i kolagenski napitek <strong>za tvoje lase<\/strong> na trgu!<\/p>\n<p>Je prvi kolagen res dobrega okusa in prijetnega vonja.<\/p>\n<p>Brez sladkorja, glutena, laktoze in sledi soje. Pripravljen za pitje.<\/p><\/div>\n<\/div>\n<\/div>\n  <\/div>\n\n<div class=\"e61-12 x-section\" >\n      \n<div class=\"e61-13 x-container max width\" >\n    \n<div class=\"e61-14 x-column x-sm x-1-1\" >\n    &nbsp;<\/div>\n<\/div>\n  <\/div>\n\n<div class=\"e61-15 x-section\" >\n      \n<div class=\"e61-16 x-container max width\" >\n    \n<div class=\"e61-17 x-column x-sm x-2-3\" >\n    \n<div class=\"e61-18 x-text x-text-headline\" >\n  <div class=\"x-text-content\"><div class=\"x-text-content-text\"><h2 class=\"x-text-content-text-primary\">Opis<\/h2><\/div><\/div><\/div>\n\n<div class=\"e61-19 x-text\" >\n  <p>Lepotni eliksir Collagen36 Hair and Skin je prehransko dopolnilo z visoko vsebnostjo ribjega kolagena, hialuronske kisline, cinka in vitaminov. Redno jemanje eliksirja Collagen36 Hair and Skin zaustavlja naravni proces staranja las in ko\u017ee. Ohranja mladostni videz \u2013 va\u0161i lasje bodo postali spet mo\u010dni in sijo\u010di, va\u0161a ko\u017ea pa tudi na otip bolj gladka.<\/p>\n<p>Je prvi kolagen na trgu, ki slovi po prijetnem vonju in res odli\u010dnem okusu, okusu sve\u017eega ananasa.<\/p>\n<p>Collagen36 Hair and Skin je v obliki napitka, \u017ee pripravljen za pitje. Ni potrebe po me\u0161anju. Primeren je za vse, ki imajo te\u017eave z u\u017eivanjem kapsul in tablet.<\/p>\n<p>Ne vsebuje sladkorja, glutena, laktoze ali sledi soje.<\/p>\n<p>Lepotni eliksir Collagen36 Hair and Skin je pakiran v 500-mililitrskih plastenkah, v kartonski \u0161katli. Vklju\u010den je tudi dozirni pokrov\u010dek.<\/p><\/div>\n\n<div class=\"e61-20 x-text x-text-headline\" >\n  <div class=\"x-text-content\"><div class=\"x-text-content-text\"><h2 class=\"x-text-content-text-primary\">Uporaba<\/h2><\/div><\/div><\/div>\n\n<div class=\"e61-21 x-text\" >\n  <p>Priporo\u010dena dnevna uporaba je 25 mililitrov. Ena plastenka zado\u0161\u010da za 20 dni.<\/p>\n<p>V embala\u017ei je vklju\u010den 25-mililitrski merilni pokrov\u010dek, ki vam olaj\u0161a natan\u010dno doziranje. Pred uporabo je potrebno plastenko pretresti.<\/p>\n<p>U\u017eiva se zjutraj, na te\u0161\u010de. Priporo\u010dljivo je, da vsaj \u0161e pol ure po zau\u017eitju eliksirja ne u\u017eivate drugih \u017eivil.<\/p>\n<p>Najbolj\u0161e rezultate se potrdili uporabniki, ki uporabo lepotnega eliksirja Collagen36 Hair and Skin kombinirajo z redno aerobno vadbo vsaj trikrat tedensko, uravnote\u017eeno prehrano s \u010dim manj sladkorjev in pitjem zadostnih koli\u010din vode.<\/p><\/div>\n\n<div class=\"e61-22 x-text x-text-headline\" >\n  <div class=\"x-text-content\"><div class=\"x-text-content-text\"><h2 class=\"x-text-content-text-primary\">Hranilna vrednost in sestavine<\/h2><\/div><\/div><\/div>\n\n<div class=\"e61-23 x-text\" >\n  <table><tbody><tr><td width=15%>\n  <strong>Sestavina<\/strong>\n  <\/td><td width=15%>\n  <strong>Koncentracija<\/strong>\n  <\/td><td width=40%>\n  <strong>Delovanje<\/strong>\n  <\/td><td width=30%>\n  <strong>Trditve, potrjenje s strani EFSA (v zvezi z\n  zdravjem las)<\/strong>\n  <\/td><\/tr><tr><td>\n  Vitamin A\n  <\/td><td>\n  400 mcg (50 % PDV*)\n  <\/td><td>\n  Vitamin A pomaga ko\u017enim \u017elezam proizvajati\n  oljno snov, imenovano loj. Loj vla\u017ei lasi\u0161\u010de in pomaga ohranjati zdrave lase.\n  Prehrana s premajhnim vnosom vitamina A lahko vodi v izpadanje las. Vse\n  celice potrebujejo vitamin A za svojo rast, vklju\u010dno z lasnimi celicami, ki\n  so najhitreje rasto\u010de tkivo v \u010dlove\u0161kem telesu. \n  <\/td><td>\n  \/\n  <\/td><\/tr><tr><td>\n  Vitamin E\n  <\/td><td>\n  12 mg (100 % PDV*)\n  <\/td><td>\n  Polaga prepre\u010diti izpadanje las, pove\u010da\n  lesk las.\n  <\/td><td>\n  Vitamin E ima vlogo pri\n  za\u0161\u010diti celic pred oksidativnim stresom.\n  <\/td><\/tr><tr><td>\n  Vitamin C\n  <\/td><td>\n  120 mg (150 % PDV*)\n  <\/td><td>\n  Ima vlogo pri proizvodnji kolagena. Nizek\n  vnos vitamina C s prehrano lahko povzro\u010di suhe ali razcepljene lase.\n  <\/td><td>\n  Vitamin C ima vlogo pri\n  za\u0161\u010diti celic pred oksidativnim stresom.\n  <\/td><\/tr><tr><td>\n  Cink\n  <\/td><td>\n  2 mg (20 % PDV*)\n  <\/td><td>\n  Pomanjkanje cinka povzro\u010da izpadanje las.\n  Cink pomaga pri gradnji zdravih celic, uravnava hormone, pomaga pri\n  absorpciji drugih hranil.\n  <\/td><td>\n  Cink prispeva k ohranjanju\n  zdravih las.\n  <\/td><\/tr><tr><td>\n  Biotin\n  <\/td><td>\n  50 mcg (100 % PDV)*\n  <\/td><td>\n  Pomanjkanje biotina povzro\u010da izpadanje in\n  tanj\u0161anje las. Biotin lahko pripomore k hitrej\u0161i rasti in ve\u010dji gostoti las.\n  <\/td><td>\n  Biotin prispeva k ohranjanju\n  zdravih las.\n  <\/td><\/tr><tr><td>\n  Suhi izvle\u010dek papaje\n  <\/td><td>\n  250 mg\n  <\/td><td>\n  Antioksidacijski\n  u\u010dinek lahko pomaga pri obnovi strukture las. Uporablja se tudi za: &nbsp;krepitev imunskega sistema, protivnetno, pomo\u010d\n  pri prebavi, celjenje ran, kot keratolitik in sredstvo za beljenje ko\u017ee. Topi\u010dna\n  uporaba: nega ko\u017ee.\n  <\/td><td>\n  \/\n  <\/td><\/tr><tr><td>\n  Izvle\u010dek paragvajskega \u010daja (Yerba Mate),\n  od tega:\n  \n   kofein\n  \n  <\/td><td>\n  250 mg\n  &nbsp;\n  &nbsp;\n  &nbsp;\n  10 mg\n  <\/td><td>\n  \u010caj iz rastline, ki izvira iz Ju\u017ene\n  Amerike, je dober vir kofeina in vsebuje bioaktivne spojine, kot sta\n  kvercetin in ursolna kislina. Antioksidant. Diuretik (uporablja se tudi za\n  izpiranje se\u010dnih poti in pri manj\u0161ih te\u017eavah s se\u010dili). Pomo\u010d pri izgubi te\u017ee.\n  Tonik (uporablja se pri fizi\u010dni in psihi\u010dni utrujenosti). Pospe\u0161uje presnovo.\n  Hipolipidemi\u010den. Topi\u010dna uporaba: nega las, di\u0161ava, nega ko\u017ee.&nbsp; \n  <\/td><td>\n  \/\n  <\/td><\/tr><tr><td>\n  Kolagen hidrolizat (<strong>ribji<\/strong>)\n  <\/td><td>\n  7.000 mg\n  <\/td><td>\n  Zagotavlja aminokisline, ki se jih lahko\n  uporabi kot gradnik las. Pomaga pri prepre\u010devanju po\u0161kodb lasnih me\u0161i\u010dkov.\n  Lahko prepre\u010duje red\u010denje las zaradi staranja. Lahko pomaga upo\u010dasniti\n  sivenje.\n  <\/td><td>\n  \/\n  <\/td><\/tr><\/tbody><\/table><\/div>\n\n<div class=\"e61-24 x-text\" >\n  <p><strong>*PDV = priporo\u010den dnevni vnos v skladu z Uredbo (EU) \u0161t. 1169\/2011<br \/>\n<\/strong><strong>Lastnosti<\/strong>: 20-dnevni program (20 odmerkov po 25 ml), okus breskve, brez sladkorja, pripravljen za pitje, ne vsebuje glutena, mleka, soje<br \/>\n<strong>Pomo\u017ene snovi<\/strong>: voda kot topilo, aromati\u010dne snovi, kalijev sorbat in natrijev benzoat kot konzervansa, sukraloza kot sladilo<\/p><\/div>\n<\/div>\n\n<div class=\"e61-25 x-column x-sm x-1-3\" >\n    \n<div class=\"e61-26 x-text x-text-headline\" >\n  <div class=\"x-text-content\"><div class=\"x-text-content-text\"><h2 class=\"x-text-content-text-primary\">Collagen36 Hair and Skin lahko pomaga tudi tebi<\/h2><\/div><\/div><\/div>\n\n<div class=\"e61-27 x-text\" >\n  <p>Uporabniki, ki redno u\u017eivajo lepotni eliksir Collagen36 Hair and Skin, ne glede na spol, \u017ee po 60 dneh jemanja potrjujejo izjemne rezultate delovanja.<\/p><\/div>\n<\/div>\n<\/div>\n  <\/div>\n<\/div>\n","protected":false},"excerpt":{"rendered":"","protected":false},"author":8,"featured_media":0,"parent":0,"menu_order":0,"comment_status":"closed","ping_status":"closed","template":"template-blank-4.php","meta":[],"_links":{"self":[{"href":"https:\/\/collagen36.com\/si\/wp-json\/wp\/v2\/pages\/61"}],"collection":[{"href":"https:\/\/collagen36.com\/si\/wp-json\/wp\/v2\/pages"}],"about":[{"href":"https:\/\/collagen36.com\/si\/wp-json\/wp\/v2\/types\/page"}],"author":[{"embeddable":true,"href":"https:\/\/collagen36.com\/si\/wp-json\/wp\/v2\/users\/8"}],"replies":[{"embeddable":true,"href":"https:\/\/collagen36.com\/si\/wp-json\/wp\/v2\/comments?post=61"}],"version-history":[{"count":15,"href":"https:\/\/collagen36.com\/si\/wp-json\/wp\/v2\/pages\/61\/revisions"}],"predecessor-version":[{"id":404,"href":"https:\/\/collagen36.com\/si\/wp-json\/wp\/v2\/pages\/61\/revisions\/404"}],"wp:attachment":[{"href":"https:\/\/collagen36.com\/si\/wp-json\/wp\/v2\/media?parent=61"}],"curies":[{"name":"wp","href":"https:\/\/api.w.org\/{rel}","templated":true}]}}