{"id":75,"date":"2019-05-23T14:20:23","date_gmt":"2019-05-23T14:20:23","guid":{"rendered":"https:\/\/collagen36.com\/si\/?page_id=75"},"modified":"2020-06-18T14:57:30","modified_gmt":"2020-06-18T12:57:30","slug":"nails-and-skin","status":"publish","type":"page","link":"https:\/\/collagen36.com\/si\/nails-and-skin\/","title":{"rendered":"Collagen36 Nails and Skin"},"content":{"rendered":"<div id=\"cs-content\" class=\"cs-content\" >\n<div class=\"e75-1 x-section\" >\n      \n<div class=\"e75-2 x-container max width\" >\n    \n<div class=\"e75-3 x-column x-sm x-1-1\" >\n    &nbsp;<\/div>\n<\/div>\n  <\/div>\n\n<div class=\"e75-4 x-section\" >\n      \n<div class=\"e75-5 x-container max width\" >\n    \n<div class=\"e75-6 x-column x-sm x-1-2\" >\n    \n<span class=\"e75-7 x-image\" >\n  <img alt=\"Image\" src=\"https:\/\/collagen36.com\/si\/wp-content\/uploads\/2019\/07\/collagen36_nailskin_product_1_big_v3.png\" width=\"824\" height=\"972\" >\n<\/span>\n<\/div>\n\n<div class=\"e75-8 x-column x-sm x-1-2 productPageText\" >\n    \n<span class=\"e75-9 x-image\" >\n  <img alt=\"Image\" src=\"https:\/\/collagen36.com\/si\/wp-content\/uploads\/2019\/05\/nail_skinv2_big.png\" width=\"280\" height=\"40\" >\n<\/span>\n\n<div class=\"e75-10 x-text x-text-headline\" >\n  <div class=\"x-text-content\"><div class=\"x-text-content-text\"><h2 class=\"x-text-content-text-primary\">Zdravi in \u010dvrsti nohti kot \u0161e nikoli prej<\/h2><\/div><\/div><\/div>\n\n<div class=\"e75-11 x-text\" >\n  <p>Collagen36 Nails and Skin z okusom breskve in zelenega \u010daja je edini kolagenski napitek na trgu, prirejen za <strong>optimalen u\u010dinek na nohtih<\/strong>!<\/p>\n<p>Izjemnega okusa in prijetnega vonja.<\/p>\n<p>Brez sladkorja, glutena, laktoze in sledi soje. Pripravljen za pitje.<\/p><\/div>\n<\/div>\n<\/div>\n  <\/div>\n\n<div class=\"e75-12 x-section\" >\n      \n<div class=\"e75-13 x-container max width\" >\n    \n<div class=\"e75-14 x-column x-sm x-1-1\" >\n    &nbsp;<\/div>\n<\/div>\n  <\/div>\n\n<div class=\"e75-15 x-section\" >\n      \n<div class=\"e75-16 x-container max width\" >\n    \n<div class=\"e75-17 x-column x-sm x-2-3\" >\n    \n<div class=\"e75-18 x-text x-text-headline\" >\n  <div class=\"x-text-content\"><div class=\"x-text-content-text\"><h2 class=\"x-text-content-text-primary\">Opis<\/h2><\/div><\/div><\/div>\n\n<div class=\"e75-19 x-text\" >\n  <p>Lepotni eliksir Collagen36 Nail and Skin je prehransko dopolnilo z visoko vsebnostjo ribjega kolagena in dodatkov, kot so hialuronska kislina, cink in vitamini. Z rednim jemanjem eliksirja Collagen36 Nails and Skin se zaustavlja naravni proces staranja. Collagen36 Nails and Skin vam bo pomagal ohranjati mladostni videz in okrepiti va\u0161e nohte. Redni uporabniki eliksirja Collagen36 Nails and Skin potrjujejo, da je tudi njihova ko\u017ea na otip postala bolj gladka.<\/p>\n<p>Je prvi kolagen na trgu, ki slovi po prijetnem vonju in res odli\u010dnem okusu, okusu breskve in zelenega \u010dasa.<\/p>\n<p>Collagen36 Nails and Skin je v obliki napitka, \u017ee pripravljen za pitje. Ni potrebe po me\u0161anju. Primeren je za vse, ki imajo te\u017eave z u\u017eivanjem kapsul in tablet.<\/p>\n<p>Ne vsebuje sladkorja, glutena, laktoze ali sledi soje.<\/p>\n<p>Lepotni eliksir Collagen36 Nails and Skin je pakiran v 500-mililitrskih plastenkah, v kartonski \u0161katli. Vklju\u010den je tudi dozirni pokrov\u010dek.<\/p><\/div>\n\n<div class=\"e75-20 x-text x-text-headline\" >\n  <div class=\"x-text-content\"><div class=\"x-text-content-text\"><h2 class=\"x-text-content-text-primary\">Uporaba<\/h2><\/div><\/div><\/div>\n\n<div class=\"e75-21 x-text\" >\n  <p>Priporo\u010dena dnevna uporaba je 25 mililitrov. Ena plastenka zado\u0161\u010da za 20 dni.<\/p>\n<p>V embala\u017ei je vklju\u010den 25-mililitrski merilni pokrov\u010dek, ki vam olaj\u0161a natan\u010dno doziranje. Pred uporabo je potrebno plastenko pretresti.<\/p>\n<p>U\u017eiva se zjutraj, na te\u0161\u010de. Priporo\u010dljivo je, da vsaj \u0161e pol ure po zau\u017eitju eliksirja ne u\u017eivate drugih \u017eivil.<\/p>\n<p>Najbolj\u0161e rezultate se potrdili uporabniki, ki uporabo lepotnega eliksirja Collagen36 Nails and Skin kombinirajo z redno aerobno vadbo vsaj trikrat tedensko, uravnote\u017eeno prehrano s \u010dim manj sladkorjev in pitjem zadostnih koli\u010din vode.<\/p><\/div>\n\n<div class=\"e75-22 x-text x-text-headline\" >\n  <div class=\"x-text-content\"><div class=\"x-text-content-text\"><h2 class=\"x-text-content-text-primary\">Hranilna vrednost in sestavine<\/h2><\/div><\/div><\/div>\n\n<div class=\"e75-23 x-text\" >\n  <table><tbody><tr><td width=15%>\n  <strong>Sestavina<\/strong>\n  <\/td><td width=15%>\n  <strong>Koncentracija<\/strong>\n  <\/td><td width=40%>\n  <strong>Delovanje<\/strong>\n  <\/td><td width=25%>\n  <strong>Zdravstvene trditve, potrjenje s strani EFSA\n  (v zvezi z zdravjem las)<\/strong>\n  <\/td><\/tr><tr><td>\n  Vitamin A (kot retinil palmitat, \u201csorodnik\u201d\n  retinola)\n  <\/td><td>\n  400 mcg (50 % PDV*)\n  <\/td><td>\n  Ima vlogo v specializaciji celic, znani\n  tudi kot diferenciacija \u2013 proces, pri katerem se manj specializirane celice\n  razvijejo v bolj specializirane z namenom opravljanja dolo\u010denih nalog.\n  <\/td><td>\n  Vitamin A ima vlogo v procesu\n  specializacije celic.\n  <\/td><\/tr><tr><td>\n  Vitamin C\n  <\/td><td>\n  120 mg (150 % PDV*)\n  <\/td><td>\n  Ima vlogo pri proizvodnji kolagena \u2013 beljakovine,\n  ki veliko tkivom daje obliko, mo\u010d in celovitost ter je sestavni del nohtov.\n  <\/td><td>\n  \/\n  <\/td><\/tr><tr><td>\n  Cink\n  <\/td><td>\n  2 mg (20 % PDV*)\n  <\/td><td>\n  Potreben je za potek \u0161tevilnih reakcij v\n  \u010dlove\u0161kem telesu, vklju\u010dno z rastjo in delitvijo celic. Nezadosten vnos cinka\n  lahko vodi v degeneracijo nohtne plo\u0161\u010de, kar povzro\u010di nastanek belih lis na\n  nohtih.\n  <\/td><td>\n  Cink prispeva k ohranjanju zdravih nohtov.\n  <\/td><\/tr><tr><td>\n  Biotin\n  <\/td><td>\n  50 mcg (100 % PDV)*\n  <\/td><td>\n  Spodbuja zdravo rast celic in pomaga pri\n  presnovi aminokislin \u2013 gradnikov beljakovin, ki so bistvenega pomena za rast\n  nohtov. Biotin lahko pomaga okrepiti krhke nohte.\n  <\/td><td>\n  \/\n  <\/td><\/tr><tr><td>\n  Izvle\u010dek zelenega \u010daja, od tega\n  \n   kofein\n  \n  <\/td><td>\n  200 mg\n  &nbsp;\n  10 mg\n  <\/td><td>\n  Antioksidant\n  <\/td><td>\n  \/\n  <\/td><\/tr><tr><td>\n  Hialuronska kislina\n  <\/td><td>\n  25 mg\n  <\/td><td>\n  Pomaga vla\u017eiti ko\u017eo.\n  <\/td><td>\n  \/\n  <\/td><\/tr><tr><td>\n  Glicerin\n  <\/td><td>\n  2,5 %\n  <\/td><td>\n  Sredstvo za ohranjanje vlage ob topi\u010dni\n  uporabi \/ topilo, sladilo, sredstvo za ohranjanje vlage v \u017eivilih.\n  <\/td><td>\n  \/\n  <\/td><\/tr><tr><td>\n  Citronska kislina\n  <\/td><td>\n  0,2\u20130,3 %\n  <\/td><td>\n  Spodbuja lu\u0161\u010denje ko\u017ee in ponovno rast\n  celic, kadar se uporablja topi\u010dno \/ regulator kislosti v \u017eivilih.\n  <\/td><td>\n  \/\n  <\/td><\/tr><tr><td>\n  Kolagen hidrolizat (<strong>ribji<\/strong>)\n  <\/td><td>\n  7.000 mg\n  <\/td><td>\n  Zagotavlja aminokisline, ki se jih lahko\n  uporabi kot gradnik nohtov. Zmanj\u0161a lomljivost nohtov. Pospe\u0161uje rast nohtov\n  in izbolj\u0161uje njihov videz.\n  <\/td><td>\n  \/\n  <\/td><\/tr><\/tbody><\/table><\/div>\n\n<div class=\"e75-24 x-text\" >\n  <p><strong>* PDV = priporo\u010den dnevni vnos v skladu z Uredbo (EU) \u0161t. 1169\/2011<br \/>\n<\/strong><strong>Lastnosti<\/strong>: 20-dnevni program (20 odmerkov po 25 ml), okus ananasa, brez sladkorja, pripravljen za pitje, ne vsebuje glutena, mleka, soje<br \/>\n<strong>Pomo\u017ene snovi<\/strong>: voda kot topilo, aromati\u010dne snovi, kisline: jabol\u010dna kislina, citronska kislina, kalijev sorbat in natrijev benzoat kot konzervansa, sukraloza kot sladilo<\/p><\/div>\n<\/div>\n\n<div class=\"e75-25 x-column x-sm x-1-3\" >\n    \n<div class=\"e75-26 x-text x-text-headline\" >\n  <div class=\"x-text-content\"><div class=\"x-text-content-text\"><h2 class=\"x-text-content-text-primary\">Collagen36 Nails and Skin lahko pomaga tudi tebi<\/h2><\/div><\/div><\/div>\n\n<div class=\"e75-27 x-text\" >\n  <p>Uporabniki, ki redno u\u017eivajo lepotni eliksir Collagen36 Nails and Skin, ne glede na spol, \u017ee po 60 dneh jemanja potrjujejo izjemne rezultate delovanja.<\/p><\/div>\n<\/div>\n<\/div>\n  <\/div>\n<\/div>\n","protected":false},"excerpt":{"rendered":"","protected":false},"author":8,"featured_media":0,"parent":0,"menu_order":0,"comment_status":"closed","ping_status":"closed","template":"template-blank-4.php","meta":[],"_links":{"self":[{"href":"https:\/\/collagen36.com\/si\/wp-json\/wp\/v2\/pages\/75"}],"collection":[{"href":"https:\/\/collagen36.com\/si\/wp-json\/wp\/v2\/pages"}],"about":[{"href":"https:\/\/collagen36.com\/si\/wp-json\/wp\/v2\/types\/page"}],"author":[{"embeddable":true,"href":"https:\/\/collagen36.com\/si\/wp-json\/wp\/v2\/users\/8"}],"replies":[{"embeddable":true,"href":"https:\/\/collagen36.com\/si\/wp-json\/wp\/v2\/comments?post=75"}],"version-history":[{"count":9,"href":"https:\/\/collagen36.com\/si\/wp-json\/wp\/v2\/pages\/75\/revisions"}],"predecessor-version":[{"id":405,"href":"https:\/\/collagen36.com\/si\/wp-json\/wp\/v2\/pages\/75\/revisions\/405"}],"wp:attachment":[{"href":"https:\/\/collagen36.com\/si\/wp-json\/wp\/v2\/media?parent=75"}],"curies":[{"name":"wp","href":"https:\/\/api.w.org\/{rel}","templated":true}]}}